{"id":854,"date":"2018-07-03T14:57:12","date_gmt":"2018-07-03T12:57:12","guid":{"rendered":"https:\/\/oneoffshorecompany.eu\/?post_type=product&#038;p=854"},"modified":"2020-04-13T21:12:44","modified_gmt":"2020-04-13T19:12:44","slug":"conto-corrente-per-privati-presso-malta","status":"publish","type":"product","link":"https:\/\/oneoffshorecompany.eu\/?product=conto-corrente-per-privati-presso-malta","title":{"rendered":"Conto corrente per Privati nel Regno Unito"},"content":{"rendered":"<h3><span style=\"color: #ff0000;\"><b>Caratteristiche del conto corrente bancario:<\/b><\/span><\/h3>\n<ul>\n<li>Internet Banking<\/li>\n<li>Carte di debito e credito disponibili<\/li>\n<li>Eccellente banca internazionale Europea<\/li>\n<li>Non ci sono restrizioni ad alcun paese salvo quelli appartenenti alla black list<\/li>\n<li>tempi di 10 giorni dalla sottoscrizione della modulistica<\/li>\n<li>richiesto un riferimento bancario italiano per l&#8217;apertura<\/li>\n<li>deposito minimo non richiesto all&#8217;apertura del conto corrente bancario<\/li>\n<li><span style=\"text-decoration: underline;\"><strong>N\u00e9 il Fisco italiano, N\u00e9 l&#8217;Agenzia delle Riscossioni N\u00e9 Equitalia pu\u00f2 accedere al conto corrente nel Regno Unito<\/strong><\/span><\/li>\n<\/ul>\n<p><strong><span style=\"color: #ff0000;\">All&#8217;apertura del conto verranno forniti i seguenti documenti:<\/span><\/strong><\/p>\n<ul>\n<li style=\"font-weight: 400;\"><span style=\"font-weight: 400;\"><span class=\"\" title=\"\">credenziali di accesso all&#8217;internet banking &#8211; direttamente al cliente<\/span><\/span><\/li>\n<li style=\"font-weight: 400;\"><span style=\"font-weight: 400;\"><span class=\"\" title=\"\">documenti legali di apertura del conto corrente\u00a0<\/span><\/span><\/li>\n<li style=\"font-weight: 400;\">carta di debito con le seguenti caratteristiche :\n<ul>\n<li style=\"font-weight: 400;\"><span class=\"\" title=\"\">possibilit\u00e0 di prelevare contanti in tutto il mondo da sportelli automatici con il logo Maestro\/Cirrus\/MasterCard in valuta locale<\/span><\/li>\n<li style=\"font-weight: 400;\"><span class=\"\" title=\"\">possibilit\u00e0 di pagare beni e servizi in tutto il mondo<\/span><\/li>\n<li style=\"font-weight: 400;\"><span class=\"\" title=\"\">possibilit\u00e0 di prelievo di contanti fino a EURO 500,00\u00a0 al giorno<\/span><\/li>\n<\/ul>\n<\/li>\n<li style=\"font-weight: 400;\">riferimento del corrispondente presso la banca (personal banker)<\/li>\n<\/ul>\n<p><b>Nota Bene<\/b><span style=\"font-weight: 400;\"> :\u00a0<\/span><span title=\"\">Le spese del conto corrente a partire dal secondo anno sono pari a EURO 100,00\u00a0 (ti invieremo un promemoria quando dovuto)\u00a0<\/span><\/p>\n<p><b>Come posso ordinare?<\/b><\/p>\n<p><span style=\"font-weight: 400;\">Aggiungi al carrello qui sotto e completa i tuoi dettagli. <\/span><\/p>\n<p><span style=\"font-weight: 400;\">Successivamente il termine della transazione di pagamento, \u00a0Vi verr\u00e0 inviata un email con il documento da compilare ed i documenti richiesti per poter aprire il Vs. Conto Corrente Bancario.<\/span><\/p>\n","protected":false},"excerpt":{"rendered":"<p>Caratteristiche del conto corrente bancario: Internet Banking Carte di debito e credito disponibili Eccellente banca internazionale Europea Non ci sono restrizioni ad alcun paese salvo quelli appartenenti alla black list tempi di 10 giorni dalla sottoscrizione della modulistica richiesto un riferimento bancario italiano per l&#8217;apertura deposito minimo non richiesto all&#8217;apertura del conto corrente bancario N\u00e9 [&hellip;]<\/p>\n","protected":false},"featured_media":826,"comment_status":"closed","ping_status":"closed","template":"","meta":{"_et_pb_use_builder":"","_et_pb_old_content":"","_et_gb_content_width":""},"product_cat":[34],"product_tag":[],"class_list":{"0":"post-854","1":"product","2":"type-product","3":"status-publish","4":"has-post-thumbnail","6":"product_cat-bancheprivati","8":"first","9":"instock","10":"virtual","11":"purchasable","12":"product-type-simple"},"yoast_head":"<!-- This site is optimized with the Yoast SEO plugin v23.6 - https:\/\/yoast.com\/wordpress\/plugins\/seo\/ -->\n<title>Conto corrente per Privati presso il Regno Unito - OffShoreCompany LLP<\/title>\n<meta name=\"description\" content=\"Conto corrente presso il Regno Unito per privati: apertura in 10 giorni.Equitalia e Fisco non possono aggredire il conto. Massima Privacy.\" \/>\n<meta name=\"robots\" content=\"index, follow, max-snippet:-1, max-image-preview:large, max-video-preview:-1\" \/>\n<link rel=\"canonical\" href=\"https:\/\/oneoffshorecompany.eu\/?product=conto-corrente-per-privati-presso-malta\" \/>\n<meta property=\"og:locale\" content=\"it_IT\" \/>\n<meta property=\"og:type\" content=\"article\" \/>\n<meta property=\"og:title\" content=\"Conto corrente per Privati presso il Regno Unito - OffShoreCompany LLP\" \/>\n<meta property=\"og:description\" content=\"Conto corrente presso il Regno Unito per privati: apertura in 10 giorni.Equitalia e Fisco non possono aggredire il conto. Massima Privacy.\" \/>\n<meta property=\"og:url\" content=\"https:\/\/oneoffshorecompany.eu\/?product=conto-corrente-per-privati-presso-malta\" \/>\n<meta property=\"og:site_name\" content=\"OffShoreCompany - Costituzione Societ\u00e0 Estere\" \/>\n<meta property=\"article:publisher\" content=\"https:\/\/www.facebook.com\/Oscoffshorecompanyllp\/\" \/>\n<meta property=\"article:modified_time\" content=\"2020-04-13T19:12:44+00:00\" \/>\n<meta property=\"og:image\" content=\"https:\/\/oneoffshorecompany.eu\/wp-content\/uploads\/2018\/07\/money_bank.png\" \/>\n\t<meta property=\"og:image:width\" content=\"512\" \/>\n\t<meta property=\"og:image:height\" content=\"512\" \/>\n\t<meta property=\"og:image:type\" content=\"image\/png\" \/>\n<meta name=\"twitter:card\" content=\"summary_large_image\" \/>\n<meta name=\"twitter:label1\" content=\"Tempo di lettura stimato\" \/>\n\t<meta name=\"twitter:data1\" content=\"1 minuto\" \/>\n<script type=\"application\/ld+json\" class=\"yoast-schema-graph\">{\"@context\":\"https:\/\/schema.org\",\"@graph\":[{\"@type\":\"WebPage\",\"@id\":\"https:\/\/oneoffshorecompany.eu\/?product=conto-corrente-per-privati-presso-malta\",\"url\":\"https:\/\/oneoffshorecompany.eu\/?product=conto-corrente-per-privati-presso-malta\",\"name\":\"Conto corrente per Privati presso il Regno Unito - OffShoreCompany LLP\",\"isPartOf\":{\"@id\":\"https:\/\/oneoffshorecompany.eu\/#website\"},\"primaryImageOfPage\":{\"@id\":\"https:\/\/oneoffshorecompany.eu\/?product=conto-corrente-per-privati-presso-malta#primaryimage\"},\"image\":{\"@id\":\"https:\/\/oneoffshorecompany.eu\/?product=conto-corrente-per-privati-presso-malta#primaryimage\"},\"thumbnailUrl\":\"https:\/\/oneoffshorecompany.eu\/wp-content\/uploads\/2018\/07\/money_bank.png\",\"datePublished\":\"2018-07-03T12:57:12+00:00\",\"dateModified\":\"2020-04-13T19:12:44+00:00\",\"description\":\"Conto corrente presso il Regno Unito per privati: apertura in 10 giorni.Equitalia e Fisco non possono aggredire il conto. Massima Privacy.\",\"breadcrumb\":{\"@id\":\"https:\/\/oneoffshorecompany.eu\/?product=conto-corrente-per-privati-presso-malta#breadcrumb\"},\"inLanguage\":\"it-IT\",\"potentialAction\":[{\"@type\":\"ReadAction\",\"target\":[\"https:\/\/oneoffshorecompany.eu\/?product=conto-corrente-per-privati-presso-malta\"]}]},{\"@type\":\"ImageObject\",\"inLanguage\":\"it-IT\",\"@id\":\"https:\/\/oneoffshorecompany.eu\/?product=conto-corrente-per-privati-presso-malta#primaryimage\",\"url\":\"https:\/\/oneoffshorecompany.eu\/wp-content\/uploads\/2018\/07\/money_bank.png\",\"contentUrl\":\"https:\/\/oneoffshorecompany.eu\/wp-content\/uploads\/2018\/07\/money_bank.png\",\"width\":512,\"height\":512},{\"@type\":\"BreadcrumbList\",\"@id\":\"https:\/\/oneoffshorecompany.eu\/?product=conto-corrente-per-privati-presso-malta#breadcrumb\",\"itemListElement\":[{\"@type\":\"ListItem\",\"position\":1,\"name\":\"Home\",\"item\":\"https:\/\/oneoffshorecompany.eu\/\"},{\"@type\":\"ListItem\",\"position\":2,\"name\":\"Shop\",\"item\":\"https:\/\/oneoffshorecompany.eu\/?page_id=94\"},{\"@type\":\"ListItem\",\"position\":3,\"name\":\"Conto corrente per Privati nel Regno Unito\"}]},{\"@type\":\"WebSite\",\"@id\":\"https:\/\/oneoffshorecompany.eu\/#website\",\"url\":\"https:\/\/oneoffshorecompany.eu\/\",\"name\":\"OffShoreCompany LLP - Costituzione Societ\u00e0 Estere e Trust\",\"description\":\"Pagare Meno Tasse \u00e8 possibile!\",\"publisher\":{\"@id\":\"https:\/\/oneoffshorecompany.eu\/#organization\"},\"potentialAction\":[{\"@type\":\"SearchAction\",\"target\":{\"@type\":\"EntryPoint\",\"urlTemplate\":\"https:\/\/oneoffshorecompany.eu\/?s={search_term_string}\"},\"query-input\":{\"@type\":\"PropertyValueSpecification\",\"valueRequired\":true,\"valueName\":\"search_term_string\"}}],\"inLanguage\":\"it-IT\"},{\"@type\":\"Organization\",\"@id\":\"https:\/\/oneoffshorecompany.eu\/#organization\",\"name\":\"O.S.C. OffShoreCompany LLP\",\"url\":\"https:\/\/oneoffshorecompany.eu\/\",\"logo\":{\"@type\":\"ImageObject\",\"inLanguage\":\"it-IT\",\"@id\":\"https:\/\/oneoffshorecompany.eu\/#\/schema\/logo\/image\/\",\"url\":\"https:\/\/oneoffshorecompany.eu\/wp-content\/uploads\/2018\/05\/logotipo_OSC.png\",\"contentUrl\":\"https:\/\/oneoffshorecompany.eu\/wp-content\/uploads\/2018\/05\/logotipo_OSC.png\",\"width\":402,\"height\":52,\"caption\":\"O.S.C. OffShoreCompany LLP\"},\"image\":{\"@id\":\"https:\/\/oneoffshorecompany.eu\/#\/schema\/logo\/image\/\"},\"sameAs\":[\"https:\/\/www.facebook.com\/Oscoffshorecompanyllp\/\",\"https:\/\/www.instagram.com\/offshorecompanyllp\/\",\"https:\/\/www.linkedin.com\/in\/osc-offshorecompanyllp\/\",\"https:\/\/www.youtube.com\/channel\/UCCUh5HyhZ-Ehy3J5mOAIi1w\"]}]}<\/script>\n<!-- \/ Yoast SEO plugin. -->","yoast_head_json":{"title":"Conto corrente per Privati presso il Regno Unito - OffShoreCompany LLP","description":"Conto corrente presso il Regno Unito per privati: apertura in 10 giorni.Equitalia e Fisco non possono aggredire il conto. Massima Privacy.","robots":{"index":"index","follow":"follow","max-snippet":"max-snippet:-1","max-image-preview":"max-image-preview:large","max-video-preview":"max-video-preview:-1"},"canonical":"https:\/\/oneoffshorecompany.eu\/?product=conto-corrente-per-privati-presso-malta","og_locale":"it_IT","og_type":"article","og_title":"Conto corrente per Privati presso il Regno Unito - OffShoreCompany LLP","og_description":"Conto corrente presso il Regno Unito per privati: apertura in 10 giorni.Equitalia e Fisco non possono aggredire il conto. Massima Privacy.","og_url":"https:\/\/oneoffshorecompany.eu\/?product=conto-corrente-per-privati-presso-malta","og_site_name":"OffShoreCompany - Costituzione Societ\u00e0 Estere","article_publisher":"https:\/\/www.facebook.com\/Oscoffshorecompanyllp\/","article_modified_time":"2020-04-13T19:12:44+00:00","og_image":[{"width":512,"height":512,"url":"https:\/\/oneoffshorecompany.eu\/wp-content\/uploads\/2018\/07\/money_bank.png","type":"image\/png"}],"twitter_card":"summary_large_image","twitter_misc":{"Tempo di lettura stimato":"1 minuto"},"schema":{"@context":"https:\/\/schema.org","@graph":[{"@type":"WebPage","@id":"https:\/\/oneoffshorecompany.eu\/?product=conto-corrente-per-privati-presso-malta","url":"https:\/\/oneoffshorecompany.eu\/?product=conto-corrente-per-privati-presso-malta","name":"Conto corrente per Privati presso il Regno Unito - OffShoreCompany LLP","isPartOf":{"@id":"https:\/\/oneoffshorecompany.eu\/#website"},"primaryImageOfPage":{"@id":"https:\/\/oneoffshorecompany.eu\/?product=conto-corrente-per-privati-presso-malta#primaryimage"},"image":{"@id":"https:\/\/oneoffshorecompany.eu\/?product=conto-corrente-per-privati-presso-malta#primaryimage"},"thumbnailUrl":"https:\/\/oneoffshorecompany.eu\/wp-content\/uploads\/2018\/07\/money_bank.png","datePublished":"2018-07-03T12:57:12+00:00","dateModified":"2020-04-13T19:12:44+00:00","description":"Conto corrente presso il Regno Unito per privati: apertura in 10 giorni.Equitalia e Fisco non possono aggredire il conto. Massima Privacy.","breadcrumb":{"@id":"https:\/\/oneoffshorecompany.eu\/?product=conto-corrente-per-privati-presso-malta#breadcrumb"},"inLanguage":"it-IT","potentialAction":[{"@type":"ReadAction","target":["https:\/\/oneoffshorecompany.eu\/?product=conto-corrente-per-privati-presso-malta"]}]},{"@type":"ImageObject","inLanguage":"it-IT","@id":"https:\/\/oneoffshorecompany.eu\/?product=conto-corrente-per-privati-presso-malta#primaryimage","url":"https:\/\/oneoffshorecompany.eu\/wp-content\/uploads\/2018\/07\/money_bank.png","contentUrl":"https:\/\/oneoffshorecompany.eu\/wp-content\/uploads\/2018\/07\/money_bank.png","width":512,"height":512},{"@type":"BreadcrumbList","@id":"https:\/\/oneoffshorecompany.eu\/?product=conto-corrente-per-privati-presso-malta#breadcrumb","itemListElement":[{"@type":"ListItem","position":1,"name":"Home","item":"https:\/\/oneoffshorecompany.eu\/"},{"@type":"ListItem","position":2,"name":"Shop","item":"https:\/\/oneoffshorecompany.eu\/?page_id=94"},{"@type":"ListItem","position":3,"name":"Conto corrente per Privati nel Regno Unito"}]},{"@type":"WebSite","@id":"https:\/\/oneoffshorecompany.eu\/#website","url":"https:\/\/oneoffshorecompany.eu\/","name":"OffShoreCompany LLP - Costituzione Societ\u00e0 Estere e Trust","description":"Pagare Meno Tasse \u00e8 possibile!","publisher":{"@id":"https:\/\/oneoffshorecompany.eu\/#organization"},"potentialAction":[{"@type":"SearchAction","target":{"@type":"EntryPoint","urlTemplate":"https:\/\/oneoffshorecompany.eu\/?s={search_term_string}"},"query-input":{"@type":"PropertyValueSpecification","valueRequired":true,"valueName":"search_term_string"}}],"inLanguage":"it-IT"},{"@type":"Organization","@id":"https:\/\/oneoffshorecompany.eu\/#organization","name":"O.S.C. OffShoreCompany LLP","url":"https:\/\/oneoffshorecompany.eu\/","logo":{"@type":"ImageObject","inLanguage":"it-IT","@id":"https:\/\/oneoffshorecompany.eu\/#\/schema\/logo\/image\/","url":"https:\/\/oneoffshorecompany.eu\/wp-content\/uploads\/2018\/05\/logotipo_OSC.png","contentUrl":"https:\/\/oneoffshorecompany.eu\/wp-content\/uploads\/2018\/05\/logotipo_OSC.png","width":402,"height":52,"caption":"O.S.C. OffShoreCompany LLP"},"image":{"@id":"https:\/\/oneoffshorecompany.eu\/#\/schema\/logo\/image\/"},"sameAs":["https:\/\/www.facebook.com\/Oscoffshorecompanyllp\/","https:\/\/www.instagram.com\/offshorecompanyllp\/","https:\/\/www.linkedin.com\/in\/osc-offshorecompanyllp\/","https:\/\/www.youtube.com\/channel\/UCCUh5HyhZ-Ehy3J5mOAIi1w"]}]}},"_links":{"self":[{"href":"https:\/\/oneoffshorecompany.eu\/index.php?rest_route=\/wp\/v2\/product\/854","targetHints":{"allow":["GET"]}}],"collection":[{"href":"https:\/\/oneoffshorecompany.eu\/index.php?rest_route=\/wp\/v2\/product"}],"about":[{"href":"https:\/\/oneoffshorecompany.eu\/index.php?rest_route=\/wp\/v2\/types\/product"}],"replies":[{"embeddable":true,"href":"https:\/\/oneoffshorecompany.eu\/index.php?rest_route=%2Fwp%2Fv2%2Fcomments&post=854"}],"wp:featuredmedia":[{"embeddable":true,"href":"https:\/\/oneoffshorecompany.eu\/index.php?rest_route=\/wp\/v2\/media\/826"}],"wp:attachment":[{"href":"https:\/\/oneoffshorecompany.eu\/index.php?rest_route=%2Fwp%2Fv2%2Fmedia&parent=854"}],"wp:term":[{"taxonomy":"product_cat","embeddable":true,"href":"https:\/\/oneoffshorecompany.eu\/index.php?rest_route=%2Fwp%2Fv2%2Fproduct_cat&post=854"},{"taxonomy":"product_tag","embeddable":true,"href":"https:\/\/oneoffshorecompany.eu\/index.php?rest_route=%2Fwp%2Fv2%2Fproduct_tag&post=854"}],"curies":[{"name":"wp","href":"https:\/\/api.w.org\/{rel}","templated":true}]}}