{"id":777,"date":"2018-06-28T17:42:43","date_gmt":"2018-06-28T15:42:43","guid":{"rendered":"https:\/\/oneoffshorecompany.eu\/?post_type=product&#038;p=777"},"modified":"2018-06-28T17:48:59","modified_gmt":"2018-06-28T15:48:59","slug":"societa-a-gibilterra-con-partner-societa-in-belize","status":"publish","type":"product","link":"https:\/\/oneoffshorecompany.eu\/?product=societa-a-gibilterra-con-partner-societa-in-belize","title":{"rendered":"Societ\u00e0 a Gibilterra con partner societ\u00e0 in Belize"},"content":{"rendered":"<h3><span style=\"color: #ff0000;\"><b>Societ\u00e0 a Gibilterra pronta per operare con partner societ\u00e0 in Belize.<\/b><\/span><\/h3>\n<p><span style=\"font-weight: 400;\">Di seguito l&#8217;elenco dei documenti forniti , pronti per avviare la sua azienda con sede nel Regno Unito.<\/span><\/p>\n<p><span style=\"color: #ff0000;\"><b>Verranno forniti i seguenti documenti:<\/b><\/span><\/p>\n<ul>\n<li style=\"font-weight: 400;\"><span style=\"font-weight: 400;\"><span class=\"\" title=\"\">Indirizzo e agente della sede legale<\/span><\/span><\/li>\n<li style=\"font-weight: 400;\"><span style=\"font-weight: 400;\"><span class=\"\" title=\"\">Spese governative incluse<\/span><\/span><\/li>\n<li style=\"font-weight: 400;\"><span style=\"font-weight: 400;\"><span class=\"\" title=\"\">Certificato di costituzione apostillato, incluso atto costitutivo e statuto<\/span><\/span><\/li>\n<li style=\"font-weight: 400;\"><span style=\"font-weight: 400;\"><span title=\"\">Registro degli amministratori e azionisti<\/span><\/span><\/li>\n<li style=\"font-weight: 400;\"><span style=\"font-weight: 400;\">Formazione per la fatturazione e contabilit\u00e0<br \/>\n<\/span><\/li>\n<li>Societ\u00e0 in Belize che opera come amministratore e azionista della societ\u00e0 a Gibilterra<\/li>\n<\/ul>\n<p><b>Nota Bene<\/b><span style=\"font-weight: 400;\"> :\u00a0<\/span><span title=\"\">Le tasse del secondo anno sono pari a \u00a3 998 (ti invieremo un promemoria quando dovuto) pi\u00f9 una tassa di conformit\u00e0 di \u00a3 75 per\u00a0 un<\/span>\u00a0anno di ufficio e agente inclusi.<\/p>\n<p><b>Come posso ordinare?<\/b><\/p>\n<p><span style=\"font-weight: 400;\">Aggiungi al carrello qui sotto e completa i tuoi dettagli. <\/span><\/p>\n<p><span style=\"font-weight: 400;\">Successivamente il termine della transazione di pagamento, \u00a0Vi verr\u00e0 inviata un email con il documento da compilare ed i documenti richiesti per poter costituire la Vs. nuova societ\u00e0.<\/span><\/p>\n","protected":false},"excerpt":{"rendered":"<p>Societ\u00e0 a Gibilterra pronta per operare con partner societ\u00e0 in Belize. Di seguito l&#8217;elenco dei documenti forniti , pronti per avviare la sua azienda con sede nel Regno Unito. Verranno forniti i seguenti documenti: Indirizzo e agente della sede legale Spese governative incluse Certificato di costituzione apostillato, incluso atto costitutivo e statuto Registro degli amministratori [&hellip;]<\/p>\n","protected":false},"featured_media":506,"comment_status":"closed","ping_status":"closed","template":"","meta":{"_et_pb_use_builder":"","_et_pb_old_content":"","_et_gb_content_width":""},"product_cat":[28],"product_tag":[29],"class_list":{"0":"post-777","1":"product","2":"type-product","3":"status-publish","4":"has-post-thumbnail","6":"product_cat-societa-gibilterra","7":"product_tag-societa-gibilterra","9":"first","10":"instock","11":"virtual","12":"purchasable","13":"product-type-simple"},"yoast_head":"<!-- This site is optimized with the Yoast SEO plugin v23.6 - https:\/\/yoast.com\/wordpress\/plugins\/seo\/ -->\n<title>Societ\u00e0 a Gibilterra con partner societ\u00e0 in Belize - OffShoreCompany LLP<\/title>\n<meta name=\"description\" content=\"Societ\u00e0 a Gibilterra pronta a operare con sede a Gibilterra, con partner societ\u00e0 in Belize operante come amministratore. Tasse pagate per il primo anno.\" \/>\n<meta name=\"robots\" content=\"index, follow, max-snippet:-1, max-image-preview:large, max-video-preview:-1\" \/>\n<link rel=\"canonical\" href=\"https:\/\/oneoffshorecompany.eu\/?product=societa-a-gibilterra-con-partner-societa-in-belize\" \/>\n<meta property=\"og:locale\" content=\"it_IT\" \/>\n<meta property=\"og:type\" content=\"article\" \/>\n<meta property=\"og:title\" content=\"Societ\u00e0 a Gibilterra con partner societ\u00e0 in Belize - OffShoreCompany LLP\" \/>\n<meta property=\"og:description\" content=\"Societ\u00e0 a Gibilterra pronta a operare con sede a Gibilterra, con partner societ\u00e0 in Belize operante come amministratore. Tasse pagate per il primo anno.\" \/>\n<meta property=\"og:url\" content=\"https:\/\/oneoffshorecompany.eu\/?product=societa-a-gibilterra-con-partner-societa-in-belize\" \/>\n<meta property=\"og:site_name\" content=\"OffShoreCompany - Costituzione Societ\u00e0 Estere\" \/>\n<meta property=\"article:publisher\" content=\"https:\/\/www.facebook.com\/Oscoffshorecompanyllp\/\" \/>\n<meta property=\"article:modified_time\" content=\"2018-06-28T15:48:59+00:00\" \/>\n<meta property=\"og:image\" content=\"https:\/\/oneoffshorecompany.eu\/wp-content\/uploads\/2018\/05\/Flag_of_Gibraltar.png\" \/>\n\t<meta property=\"og:image:width\" content=\"1000\" \/>\n\t<meta property=\"og:image:height\" content=\"500\" \/>\n\t<meta property=\"og:image:type\" content=\"image\/png\" \/>\n<meta name=\"twitter:card\" content=\"summary_large_image\" \/>\n<meta name=\"twitter:label1\" content=\"Tempo di lettura stimato\" \/>\n\t<meta name=\"twitter:data1\" content=\"1 minuto\" \/>\n<script type=\"application\/ld+json\" class=\"yoast-schema-graph\">{\"@context\":\"https:\/\/schema.org\",\"@graph\":[{\"@type\":\"WebPage\",\"@id\":\"https:\/\/oneoffshorecompany.eu\/?product=societa-a-gibilterra-con-partner-societa-in-belize\",\"url\":\"https:\/\/oneoffshorecompany.eu\/?product=societa-a-gibilterra-con-partner-societa-in-belize\",\"name\":\"Societ\u00e0 a Gibilterra con partner societ\u00e0 in Belize - OffShoreCompany LLP\",\"isPartOf\":{\"@id\":\"https:\/\/oneoffshorecompany.eu\/#website\"},\"primaryImageOfPage\":{\"@id\":\"https:\/\/oneoffshorecompany.eu\/?product=societa-a-gibilterra-con-partner-societa-in-belize#primaryimage\"},\"image\":{\"@id\":\"https:\/\/oneoffshorecompany.eu\/?product=societa-a-gibilterra-con-partner-societa-in-belize#primaryimage\"},\"thumbnailUrl\":\"https:\/\/oneoffshorecompany.eu\/wp-content\/uploads\/2018\/05\/Flag_of_Gibraltar.png\",\"datePublished\":\"2018-06-28T15:42:43+00:00\",\"dateModified\":\"2018-06-28T15:48:59+00:00\",\"description\":\"Societ\u00e0 a Gibilterra pronta a operare con sede a Gibilterra, con partner societ\u00e0 in Belize operante come amministratore. Tasse pagate per il primo anno.\",\"breadcrumb\":{\"@id\":\"https:\/\/oneoffshorecompany.eu\/?product=societa-a-gibilterra-con-partner-societa-in-belize#breadcrumb\"},\"inLanguage\":\"it-IT\",\"potentialAction\":[{\"@type\":\"ReadAction\",\"target\":[\"https:\/\/oneoffshorecompany.eu\/?product=societa-a-gibilterra-con-partner-societa-in-belize\"]}]},{\"@type\":\"ImageObject\",\"inLanguage\":\"it-IT\",\"@id\":\"https:\/\/oneoffshorecompany.eu\/?product=societa-a-gibilterra-con-partner-societa-in-belize#primaryimage\",\"url\":\"https:\/\/oneoffshorecompany.eu\/wp-content\/uploads\/2018\/05\/Flag_of_Gibraltar.png\",\"contentUrl\":\"https:\/\/oneoffshorecompany.eu\/wp-content\/uploads\/2018\/05\/Flag_of_Gibraltar.png\",\"width\":1000,\"height\":500},{\"@type\":\"BreadcrumbList\",\"@id\":\"https:\/\/oneoffshorecompany.eu\/?product=societa-a-gibilterra-con-partner-societa-in-belize#breadcrumb\",\"itemListElement\":[{\"@type\":\"ListItem\",\"position\":1,\"name\":\"Home\",\"item\":\"https:\/\/oneoffshorecompany.eu\/\"},{\"@type\":\"ListItem\",\"position\":2,\"name\":\"Shop\",\"item\":\"https:\/\/oneoffshorecompany.eu\/?page_id=94\"},{\"@type\":\"ListItem\",\"position\":3,\"name\":\"Societ\u00e0 a Gibilterra con partner societ\u00e0 in Belize\"}]},{\"@type\":\"WebSite\",\"@id\":\"https:\/\/oneoffshorecompany.eu\/#website\",\"url\":\"https:\/\/oneoffshorecompany.eu\/\",\"name\":\"OffShoreCompany LLP - Costituzione Societ\u00e0 Estere e Trust\",\"description\":\"Pagare Meno Tasse \u00e8 possibile!\",\"publisher\":{\"@id\":\"https:\/\/oneoffshorecompany.eu\/#organization\"},\"potentialAction\":[{\"@type\":\"SearchAction\",\"target\":{\"@type\":\"EntryPoint\",\"urlTemplate\":\"https:\/\/oneoffshorecompany.eu\/?s={search_term_string}\"},\"query-input\":{\"@type\":\"PropertyValueSpecification\",\"valueRequired\":true,\"valueName\":\"search_term_string\"}}],\"inLanguage\":\"it-IT\"},{\"@type\":\"Organization\",\"@id\":\"https:\/\/oneoffshorecompany.eu\/#organization\",\"name\":\"O.S.C. OffShoreCompany LLP\",\"url\":\"https:\/\/oneoffshorecompany.eu\/\",\"logo\":{\"@type\":\"ImageObject\",\"inLanguage\":\"it-IT\",\"@id\":\"https:\/\/oneoffshorecompany.eu\/#\/schema\/logo\/image\/\",\"url\":\"https:\/\/oneoffshorecompany.eu\/wp-content\/uploads\/2018\/05\/logotipo_OSC.png\",\"contentUrl\":\"https:\/\/oneoffshorecompany.eu\/wp-content\/uploads\/2018\/05\/logotipo_OSC.png\",\"width\":402,\"height\":52,\"caption\":\"O.S.C. OffShoreCompany LLP\"},\"image\":{\"@id\":\"https:\/\/oneoffshorecompany.eu\/#\/schema\/logo\/image\/\"},\"sameAs\":[\"https:\/\/www.facebook.com\/Oscoffshorecompanyllp\/\",\"https:\/\/www.instagram.com\/offshorecompanyllp\/\",\"https:\/\/www.linkedin.com\/in\/osc-offshorecompanyllp\/\",\"https:\/\/www.youtube.com\/channel\/UCCUh5HyhZ-Ehy3J5mOAIi1w\"]}]}<\/script>\n<!-- \/ Yoast SEO plugin. -->","yoast_head_json":{"title":"Societ\u00e0 a Gibilterra con partner societ\u00e0 in Belize - OffShoreCompany LLP","description":"Societ\u00e0 a Gibilterra pronta a operare con sede a Gibilterra, con partner societ\u00e0 in Belize operante come amministratore. Tasse pagate per il primo anno.","robots":{"index":"index","follow":"follow","max-snippet":"max-snippet:-1","max-image-preview":"max-image-preview:large","max-video-preview":"max-video-preview:-1"},"canonical":"https:\/\/oneoffshorecompany.eu\/?product=societa-a-gibilterra-con-partner-societa-in-belize","og_locale":"it_IT","og_type":"article","og_title":"Societ\u00e0 a Gibilterra con partner societ\u00e0 in Belize - OffShoreCompany LLP","og_description":"Societ\u00e0 a Gibilterra pronta a operare con sede a Gibilterra, con partner societ\u00e0 in Belize operante come amministratore. Tasse pagate per il primo anno.","og_url":"https:\/\/oneoffshorecompany.eu\/?product=societa-a-gibilterra-con-partner-societa-in-belize","og_site_name":"OffShoreCompany - Costituzione Societ\u00e0 Estere","article_publisher":"https:\/\/www.facebook.com\/Oscoffshorecompanyllp\/","article_modified_time":"2018-06-28T15:48:59+00:00","og_image":[{"width":1000,"height":500,"url":"https:\/\/oneoffshorecompany.eu\/wp-content\/uploads\/2018\/05\/Flag_of_Gibraltar.png","type":"image\/png"}],"twitter_card":"summary_large_image","twitter_misc":{"Tempo di lettura stimato":"1 minuto"},"schema":{"@context":"https:\/\/schema.org","@graph":[{"@type":"WebPage","@id":"https:\/\/oneoffshorecompany.eu\/?product=societa-a-gibilterra-con-partner-societa-in-belize","url":"https:\/\/oneoffshorecompany.eu\/?product=societa-a-gibilterra-con-partner-societa-in-belize","name":"Societ\u00e0 a Gibilterra con partner societ\u00e0 in Belize - OffShoreCompany LLP","isPartOf":{"@id":"https:\/\/oneoffshorecompany.eu\/#website"},"primaryImageOfPage":{"@id":"https:\/\/oneoffshorecompany.eu\/?product=societa-a-gibilterra-con-partner-societa-in-belize#primaryimage"},"image":{"@id":"https:\/\/oneoffshorecompany.eu\/?product=societa-a-gibilterra-con-partner-societa-in-belize#primaryimage"},"thumbnailUrl":"https:\/\/oneoffshorecompany.eu\/wp-content\/uploads\/2018\/05\/Flag_of_Gibraltar.png","datePublished":"2018-06-28T15:42:43+00:00","dateModified":"2018-06-28T15:48:59+00:00","description":"Societ\u00e0 a Gibilterra pronta a operare con sede a Gibilterra, con partner societ\u00e0 in Belize operante come amministratore. Tasse pagate per il primo anno.","breadcrumb":{"@id":"https:\/\/oneoffshorecompany.eu\/?product=societa-a-gibilterra-con-partner-societa-in-belize#breadcrumb"},"inLanguage":"it-IT","potentialAction":[{"@type":"ReadAction","target":["https:\/\/oneoffshorecompany.eu\/?product=societa-a-gibilterra-con-partner-societa-in-belize"]}]},{"@type":"ImageObject","inLanguage":"it-IT","@id":"https:\/\/oneoffshorecompany.eu\/?product=societa-a-gibilterra-con-partner-societa-in-belize#primaryimage","url":"https:\/\/oneoffshorecompany.eu\/wp-content\/uploads\/2018\/05\/Flag_of_Gibraltar.png","contentUrl":"https:\/\/oneoffshorecompany.eu\/wp-content\/uploads\/2018\/05\/Flag_of_Gibraltar.png","width":1000,"height":500},{"@type":"BreadcrumbList","@id":"https:\/\/oneoffshorecompany.eu\/?product=societa-a-gibilterra-con-partner-societa-in-belize#breadcrumb","itemListElement":[{"@type":"ListItem","position":1,"name":"Home","item":"https:\/\/oneoffshorecompany.eu\/"},{"@type":"ListItem","position":2,"name":"Shop","item":"https:\/\/oneoffshorecompany.eu\/?page_id=94"},{"@type":"ListItem","position":3,"name":"Societ\u00e0 a Gibilterra con partner societ\u00e0 in Belize"}]},{"@type":"WebSite","@id":"https:\/\/oneoffshorecompany.eu\/#website","url":"https:\/\/oneoffshorecompany.eu\/","name":"OffShoreCompany LLP - Costituzione Societ\u00e0 Estere e Trust","description":"Pagare Meno Tasse \u00e8 possibile!","publisher":{"@id":"https:\/\/oneoffshorecompany.eu\/#organization"},"potentialAction":[{"@type":"SearchAction","target":{"@type":"EntryPoint","urlTemplate":"https:\/\/oneoffshorecompany.eu\/?s={search_term_string}"},"query-input":{"@type":"PropertyValueSpecification","valueRequired":true,"valueName":"search_term_string"}}],"inLanguage":"it-IT"},{"@type":"Organization","@id":"https:\/\/oneoffshorecompany.eu\/#organization","name":"O.S.C. OffShoreCompany LLP","url":"https:\/\/oneoffshorecompany.eu\/","logo":{"@type":"ImageObject","inLanguage":"it-IT","@id":"https:\/\/oneoffshorecompany.eu\/#\/schema\/logo\/image\/","url":"https:\/\/oneoffshorecompany.eu\/wp-content\/uploads\/2018\/05\/logotipo_OSC.png","contentUrl":"https:\/\/oneoffshorecompany.eu\/wp-content\/uploads\/2018\/05\/logotipo_OSC.png","width":402,"height":52,"caption":"O.S.C. OffShoreCompany LLP"},"image":{"@id":"https:\/\/oneoffshorecompany.eu\/#\/schema\/logo\/image\/"},"sameAs":["https:\/\/www.facebook.com\/Oscoffshorecompanyllp\/","https:\/\/www.instagram.com\/offshorecompanyllp\/","https:\/\/www.linkedin.com\/in\/osc-offshorecompanyllp\/","https:\/\/www.youtube.com\/channel\/UCCUh5HyhZ-Ehy3J5mOAIi1w"]}]}},"_links":{"self":[{"href":"https:\/\/oneoffshorecompany.eu\/index.php?rest_route=\/wp\/v2\/product\/777","targetHints":{"allow":["GET"]}}],"collection":[{"href":"https:\/\/oneoffshorecompany.eu\/index.php?rest_route=\/wp\/v2\/product"}],"about":[{"href":"https:\/\/oneoffshorecompany.eu\/index.php?rest_route=\/wp\/v2\/types\/product"}],"replies":[{"embeddable":true,"href":"https:\/\/oneoffshorecompany.eu\/index.php?rest_route=%2Fwp%2Fv2%2Fcomments&post=777"}],"wp:featuredmedia":[{"embeddable":true,"href":"https:\/\/oneoffshorecompany.eu\/index.php?rest_route=\/wp\/v2\/media\/506"}],"wp:attachment":[{"href":"https:\/\/oneoffshorecompany.eu\/index.php?rest_route=%2Fwp%2Fv2%2Fmedia&parent=777"}],"wp:term":[{"taxonomy":"product_cat","embeddable":true,"href":"https:\/\/oneoffshorecompany.eu\/index.php?rest_route=%2Fwp%2Fv2%2Fproduct_cat&post=777"},{"taxonomy":"product_tag","embeddable":true,"href":"https:\/\/oneoffshorecompany.eu\/index.php?rest_route=%2Fwp%2Fv2%2Fproduct_tag&post=777"}],"curies":[{"name":"wp","href":"https:\/\/api.w.org\/{rel}","templated":true}]}}