{"id":306,"date":"2018-04-15T15:40:05","date_gmt":"2018-04-15T13:40:05","guid":{"rendered":"https:\/\/oneoffshorecompany.eu\/?post_type=product&#038;p=306"},"modified":"2019-02-26T16:05:11","modified_gmt":"2019-02-26T15:05:11","slug":"societa-llp-nel-regno-unito","status":"publish","type":"product","link":"https:\/\/oneoffshorecompany.eu\/?product=societa-llp-nel-regno-unito","title":{"rendered":"Societ\u00e0 LLP nel Regno Unito"},"content":{"rendered":"<p>[et_pb_section admin_label=&#8221;section&#8221;]<br \/>\n\t\t[et_pb_row admin_label=&#8221;row&#8221;]<br \/>\n\t\t\t[et_pb_column type=&#8221;4_4&#8243;][et_pb_text admin_label=&#8221;Text&#8221;]<\/p>\n<h3><span style=\"color: #ff0000;\"><b>Societ\u00e0 inglese pronta per operare.<\/b><\/span><\/h3>\n<p><span style=\"font-weight: 400;\">Di seguito l&#8217;elenco dei documenti forniti , pronti per avviare la sua azienda con sede nel Regno Unito.<\/span><\/p>\n<p><span style=\"color: #ff0000;\"><b>Verranno forniti i seguenti documenti:<\/b><\/span><\/p>\n<ul>\n<li style=\"font-weight: 400;\"><span class=\"\" title=\"\">Un anno di ufficio e agente inclusi<\/span><\/li>\n<li style=\"font-weight: 400;\"><span class=\"\" title=\"\">Accordo LLP del Regno Unito<\/span><\/li>\n<li style=\"font-weight: 400;\">Consulenza per avvio dell&#8217;attivit\u00e0 e formazione per la gestione contabile amministrativa<\/li>\n<li style=\"font-weight: 400;\"><span class=\"\" title=\"\">Corriere di documenti aziendali inclusi senza costi aggiuntivi<\/span><\/li>\n<li style=\"font-weight: 400;\">Tasse pagate per il primo anno di attivit\u00e0<\/li>\n<\/ul>\n<p>&nbsp;<\/p>\n<p><b>Nota Bene<\/b><span style=\"font-weight: 400;\"> : Le tasse del secondo anno sono pari a 400 sterline (ti invieremo un promemoria quando dovuto)<\/span><\/p>\n<p><b>Come posso ordinare?<\/b><\/p>\n<p><span style=\"font-weight: 400;\">Aggiungi al carrello qui sotto e completa i tuoi dettagli. <\/span><\/p>\n<p><span style=\"font-weight: 400;\">Successivamente il termine della transazione di pagamento, \u00a0Vi verr\u00e0 inviata un email con il documento da compilare ed i documenti richiesti per poter costituire la Vs. nuova societ\u00e0.<\/span>[\/et_pb_text][\/et_pb_column]<br \/>\n\t\t[\/et_pb_row]<br \/>\n\t[\/et_pb_section]<\/p>\n","protected":false},"excerpt":{"rendered":"<p><img loading=\"lazy\" decoding=\"async\" class=\"size-thumbnail wp-image-300 alignleft\" src=\"https:\/\/oneoffshorecompany.eu\/wp-content\/uploads\/2017\/12\/GB-1-150x150.png\" alt=\"\" width=\"150\" height=\"150\" srcset=\"https:\/\/oneoffshorecompany.eu\/wp-content\/uploads\/2017\/12\/GB-1-150x150.png 150w, https:\/\/oneoffshorecompany.eu\/wp-content\/uploads\/2017\/12\/GB-1-100x100.png 100w\" sizes=\"(max-width: 150px) 100vw, 150px\" \/><\/p>\n","protected":false},"featured_media":300,"comment_status":"closed","ping_status":"closed","template":"","meta":{"_et_pb_use_builder":"on","_et_pb_old_content":"<h3><span style=\"color: #ff0000;\"><b>Societ\u00e0 inglese pronta per operare.<\/b><\/span><\/h3>\r\n<span style=\"font-weight: 400;\">Di seguito l'elenco dei documenti forniti , pronti per avviare la sua azienda con sede nel Regno Unito.<\/span>\r\n\r\n<span style=\"color: #ff0000;\"><b>Verranno forniti i seguenti documenti:<\/b><\/span>\r\n<ul>\r\n \t<li style=\"font-weight: 400;\"><span class=\"\" title=\"\">Un anno di ufficio e agente inclusi<\/span><\/li>\r\n \t<li style=\"font-weight: 400;\"><span class=\"\" title=\"\">Accordo LLP del Regno Unito<\/span><\/li>\r\n \t<li style=\"font-weight: 400;\">Consulenza per avvio dell'attivit\u00e0 e formazione per la gestione contabile amministrativa<\/li>\r\n \t<li style=\"font-weight: 400;\"><span class=\"\" title=\"\">Corriere di documenti aziendali inclusi senza costi aggiuntivi<\/span><\/li>\r\n \t<li style=\"font-weight: 400;\">Tasse pagate per il primo anno di attivit\u00e0<\/li>\r\n<\/ul>\r\n\u00a0\r\n\r\n<b>Nota Bene<\/b><span style=\"font-weight: 400;\"> : Le tasse del secondo anno sono pari a 400 sterline (ti invieremo un promemoria quando dovuto)<\/span>\r\n\r\n<b>Come posso ordinare?<\/b>\r\n\r\n<span style=\"font-weight: 400;\">Aggiungi al carrello qui sotto e completa i tuoi dettagli. <\/span>\r\n\r\n<span style=\"font-weight: 400;\">Successivamente il termine della transazione di pagamento, \u00a0Vi verr\u00e0 inviata un email con il documento da compilare ed i documenti richiesti per poter costituire la Vs. nuova societ\u00e0.<\/span>","_et_gb_content_width":""},"product_cat":[18],"product_tag":[],"class_list":{"0":"post-306","1":"product","2":"type-product","3":"status-publish","4":"has-post-thumbnail","6":"product_cat-societa-uk","8":"first","9":"instock","10":"virtual","11":"purchasable","12":"product-type-simple"},"yoast_head":"<!-- This site is optimized with the Yoast SEO plugin v23.6 - https:\/\/yoast.com\/wordpress\/plugins\/seo\/ -->\n<title>Societ\u00e0 LLP in UK - OffshoreCompany LLP - Costituzione Societ\u00e0 estere e Trust<\/title>\n<meta name=\"description\" content=\"Societ\u00e0 LLP inglese pronta a operare in tutto ovunque nel mondo con sede nel Regno Unito, documenti apostillati completi.Tasse pagate incluse il primo anno.\" \/>\n<meta name=\"robots\" content=\"index, follow, max-snippet:-1, max-image-preview:large, max-video-preview:-1\" \/>\n<link rel=\"canonical\" href=\"https:\/\/oneoffshorecompany.eu\/?product=societa-llp-nel-regno-unito\" \/>\n<meta property=\"og:locale\" content=\"it_IT\" \/>\n<meta property=\"og:type\" content=\"article\" \/>\n<meta property=\"og:title\" content=\"Societ\u00e0 LLP in UK - OffshoreCompany LLP - Costituzione Societ\u00e0 estere e Trust\" \/>\n<meta property=\"og:description\" content=\"Societ\u00e0 LLP inglese pronta a operare in tutto ovunque nel mondo con sede nel Regno Unito, documenti apostillati completi.Tasse pagate incluse il primo anno.\" \/>\n<meta property=\"og:url\" content=\"https:\/\/oneoffshorecompany.eu\/?product=societa-llp-nel-regno-unito\" \/>\n<meta property=\"og:site_name\" content=\"OffShoreCompany - Costituzione Societ\u00e0 Estere\" \/>\n<meta property=\"article:publisher\" content=\"https:\/\/www.facebook.com\/Oscoffshorecompanyllp\/\" \/>\n<meta property=\"article:modified_time\" content=\"2019-02-26T15:05:11+00:00\" \/>\n<meta property=\"og:image\" content=\"https:\/\/oneoffshorecompany.eu\/wp-content\/uploads\/2017\/12\/GB-1.png\" \/>\n\t<meta property=\"og:image:width\" content=\"318\" \/>\n\t<meta property=\"og:image:height\" content=\"159\" \/>\n\t<meta property=\"og:image:type\" content=\"image\/png\" \/>\n<meta name=\"twitter:card\" content=\"summary_large_image\" \/>\n<meta name=\"twitter:label1\" content=\"Tempo di lettura stimato\" \/>\n\t<meta name=\"twitter:data1\" content=\"1 minuto\" \/>\n<script type=\"application\/ld+json\" class=\"yoast-schema-graph\">{\"@context\":\"https:\/\/schema.org\",\"@graph\":[{\"@type\":\"WebPage\",\"@id\":\"https:\/\/oneoffshorecompany.eu\/?product=societa-llp-nel-regno-unito\",\"url\":\"https:\/\/oneoffshorecompany.eu\/?product=societa-llp-nel-regno-unito\",\"name\":\"Societ\u00e0 LLP in UK - OffshoreCompany LLP - Costituzione Societ\u00e0 estere e Trust\",\"isPartOf\":{\"@id\":\"https:\/\/oneoffshorecompany.eu\/#website\"},\"primaryImageOfPage\":{\"@id\":\"https:\/\/oneoffshorecompany.eu\/?product=societa-llp-nel-regno-unito#primaryimage\"},\"image\":{\"@id\":\"https:\/\/oneoffshorecompany.eu\/?product=societa-llp-nel-regno-unito#primaryimage\"},\"thumbnailUrl\":\"https:\/\/oneoffshorecompany.eu\/wp-content\/uploads\/2017\/12\/GB-1.png\",\"datePublished\":\"2018-04-15T13:40:05+00:00\",\"dateModified\":\"2019-02-26T15:05:11+00:00\",\"description\":\"Societ\u00e0 LLP inglese pronta a operare in tutto ovunque nel mondo con sede nel Regno Unito, documenti apostillati completi.Tasse pagate incluse il primo anno.\",\"breadcrumb\":{\"@id\":\"https:\/\/oneoffshorecompany.eu\/?product=societa-llp-nel-regno-unito#breadcrumb\"},\"inLanguage\":\"it-IT\",\"potentialAction\":[{\"@type\":\"ReadAction\",\"target\":[\"https:\/\/oneoffshorecompany.eu\/?product=societa-llp-nel-regno-unito\"]}]},{\"@type\":\"ImageObject\",\"inLanguage\":\"it-IT\",\"@id\":\"https:\/\/oneoffshorecompany.eu\/?product=societa-llp-nel-regno-unito#primaryimage\",\"url\":\"https:\/\/oneoffshorecompany.eu\/wp-content\/uploads\/2017\/12\/GB-1.png\",\"contentUrl\":\"https:\/\/oneoffshorecompany.eu\/wp-content\/uploads\/2017\/12\/GB-1.png\",\"width\":318,\"height\":159},{\"@type\":\"BreadcrumbList\",\"@id\":\"https:\/\/oneoffshorecompany.eu\/?product=societa-llp-nel-regno-unito#breadcrumb\",\"itemListElement\":[{\"@type\":\"ListItem\",\"position\":1,\"name\":\"Home\",\"item\":\"https:\/\/oneoffshorecompany.eu\/\"},{\"@type\":\"ListItem\",\"position\":2,\"name\":\"Shop\",\"item\":\"https:\/\/oneoffshorecompany.eu\/?page_id=94\"},{\"@type\":\"ListItem\",\"position\":3,\"name\":\"Societ\u00e0 LLP nel Regno Unito\"}]},{\"@type\":\"WebSite\",\"@id\":\"https:\/\/oneoffshorecompany.eu\/#website\",\"url\":\"https:\/\/oneoffshorecompany.eu\/\",\"name\":\"OffShoreCompany LLP - Costituzione Societ\u00e0 Estere e Trust\",\"description\":\"Pagare Meno Tasse \u00e8 possibile!\",\"publisher\":{\"@id\":\"https:\/\/oneoffshorecompany.eu\/#organization\"},\"potentialAction\":[{\"@type\":\"SearchAction\",\"target\":{\"@type\":\"EntryPoint\",\"urlTemplate\":\"https:\/\/oneoffshorecompany.eu\/?s={search_term_string}\"},\"query-input\":{\"@type\":\"PropertyValueSpecification\",\"valueRequired\":true,\"valueName\":\"search_term_string\"}}],\"inLanguage\":\"it-IT\"},{\"@type\":\"Organization\",\"@id\":\"https:\/\/oneoffshorecompany.eu\/#organization\",\"name\":\"O.S.C. OffShoreCompany LLP\",\"url\":\"https:\/\/oneoffshorecompany.eu\/\",\"logo\":{\"@type\":\"ImageObject\",\"inLanguage\":\"it-IT\",\"@id\":\"https:\/\/oneoffshorecompany.eu\/#\/schema\/logo\/image\/\",\"url\":\"https:\/\/oneoffshorecompany.eu\/wp-content\/uploads\/2018\/05\/logotipo_OSC.png\",\"contentUrl\":\"https:\/\/oneoffshorecompany.eu\/wp-content\/uploads\/2018\/05\/logotipo_OSC.png\",\"width\":402,\"height\":52,\"caption\":\"O.S.C. OffShoreCompany LLP\"},\"image\":{\"@id\":\"https:\/\/oneoffshorecompany.eu\/#\/schema\/logo\/image\/\"},\"sameAs\":[\"https:\/\/www.facebook.com\/Oscoffshorecompanyllp\/\",\"https:\/\/www.instagram.com\/offshorecompanyllp\/\",\"https:\/\/www.linkedin.com\/in\/osc-offshorecompanyllp\/\",\"https:\/\/www.youtube.com\/channel\/UCCUh5HyhZ-Ehy3J5mOAIi1w\"]}]}<\/script>\n<!-- \/ Yoast SEO plugin. -->","yoast_head_json":{"title":"Societ\u00e0 LLP in UK - OffshoreCompany LLP - Costituzione Societ\u00e0 estere e Trust","description":"Societ\u00e0 LLP inglese pronta a operare in tutto ovunque nel mondo con sede nel Regno Unito, documenti apostillati completi.Tasse pagate incluse il primo anno.","robots":{"index":"index","follow":"follow","max-snippet":"max-snippet:-1","max-image-preview":"max-image-preview:large","max-video-preview":"max-video-preview:-1"},"canonical":"https:\/\/oneoffshorecompany.eu\/?product=societa-llp-nel-regno-unito","og_locale":"it_IT","og_type":"article","og_title":"Societ\u00e0 LLP in UK - OffshoreCompany LLP - Costituzione Societ\u00e0 estere e Trust","og_description":"Societ\u00e0 LLP inglese pronta a operare in tutto ovunque nel mondo con sede nel Regno Unito, documenti apostillati completi.Tasse pagate incluse il primo anno.","og_url":"https:\/\/oneoffshorecompany.eu\/?product=societa-llp-nel-regno-unito","og_site_name":"OffShoreCompany - Costituzione Societ\u00e0 Estere","article_publisher":"https:\/\/www.facebook.com\/Oscoffshorecompanyllp\/","article_modified_time":"2019-02-26T15:05:11+00:00","og_image":[{"width":318,"height":159,"url":"https:\/\/oneoffshorecompany.eu\/wp-content\/uploads\/2017\/12\/GB-1.png","type":"image\/png"}],"twitter_card":"summary_large_image","twitter_misc":{"Tempo di lettura stimato":"1 minuto"},"schema":{"@context":"https:\/\/schema.org","@graph":[{"@type":"WebPage","@id":"https:\/\/oneoffshorecompany.eu\/?product=societa-llp-nel-regno-unito","url":"https:\/\/oneoffshorecompany.eu\/?product=societa-llp-nel-regno-unito","name":"Societ\u00e0 LLP in UK - OffshoreCompany LLP - Costituzione Societ\u00e0 estere e Trust","isPartOf":{"@id":"https:\/\/oneoffshorecompany.eu\/#website"},"primaryImageOfPage":{"@id":"https:\/\/oneoffshorecompany.eu\/?product=societa-llp-nel-regno-unito#primaryimage"},"image":{"@id":"https:\/\/oneoffshorecompany.eu\/?product=societa-llp-nel-regno-unito#primaryimage"},"thumbnailUrl":"https:\/\/oneoffshorecompany.eu\/wp-content\/uploads\/2017\/12\/GB-1.png","datePublished":"2018-04-15T13:40:05+00:00","dateModified":"2019-02-26T15:05:11+00:00","description":"Societ\u00e0 LLP inglese pronta a operare in tutto ovunque nel mondo con sede nel Regno Unito, documenti apostillati completi.Tasse pagate incluse il primo anno.","breadcrumb":{"@id":"https:\/\/oneoffshorecompany.eu\/?product=societa-llp-nel-regno-unito#breadcrumb"},"inLanguage":"it-IT","potentialAction":[{"@type":"ReadAction","target":["https:\/\/oneoffshorecompany.eu\/?product=societa-llp-nel-regno-unito"]}]},{"@type":"ImageObject","inLanguage":"it-IT","@id":"https:\/\/oneoffshorecompany.eu\/?product=societa-llp-nel-regno-unito#primaryimage","url":"https:\/\/oneoffshorecompany.eu\/wp-content\/uploads\/2017\/12\/GB-1.png","contentUrl":"https:\/\/oneoffshorecompany.eu\/wp-content\/uploads\/2017\/12\/GB-1.png","width":318,"height":159},{"@type":"BreadcrumbList","@id":"https:\/\/oneoffshorecompany.eu\/?product=societa-llp-nel-regno-unito#breadcrumb","itemListElement":[{"@type":"ListItem","position":1,"name":"Home","item":"https:\/\/oneoffshorecompany.eu\/"},{"@type":"ListItem","position":2,"name":"Shop","item":"https:\/\/oneoffshorecompany.eu\/?page_id=94"},{"@type":"ListItem","position":3,"name":"Societ\u00e0 LLP nel Regno Unito"}]},{"@type":"WebSite","@id":"https:\/\/oneoffshorecompany.eu\/#website","url":"https:\/\/oneoffshorecompany.eu\/","name":"OffShoreCompany LLP - Costituzione Societ\u00e0 Estere e Trust","description":"Pagare Meno Tasse \u00e8 possibile!","publisher":{"@id":"https:\/\/oneoffshorecompany.eu\/#organization"},"potentialAction":[{"@type":"SearchAction","target":{"@type":"EntryPoint","urlTemplate":"https:\/\/oneoffshorecompany.eu\/?s={search_term_string}"},"query-input":{"@type":"PropertyValueSpecification","valueRequired":true,"valueName":"search_term_string"}}],"inLanguage":"it-IT"},{"@type":"Organization","@id":"https:\/\/oneoffshorecompany.eu\/#organization","name":"O.S.C. OffShoreCompany LLP","url":"https:\/\/oneoffshorecompany.eu\/","logo":{"@type":"ImageObject","inLanguage":"it-IT","@id":"https:\/\/oneoffshorecompany.eu\/#\/schema\/logo\/image\/","url":"https:\/\/oneoffshorecompany.eu\/wp-content\/uploads\/2018\/05\/logotipo_OSC.png","contentUrl":"https:\/\/oneoffshorecompany.eu\/wp-content\/uploads\/2018\/05\/logotipo_OSC.png","width":402,"height":52,"caption":"O.S.C. OffShoreCompany LLP"},"image":{"@id":"https:\/\/oneoffshorecompany.eu\/#\/schema\/logo\/image\/"},"sameAs":["https:\/\/www.facebook.com\/Oscoffshorecompanyllp\/","https:\/\/www.instagram.com\/offshorecompanyllp\/","https:\/\/www.linkedin.com\/in\/osc-offshorecompanyllp\/","https:\/\/www.youtube.com\/channel\/UCCUh5HyhZ-Ehy3J5mOAIi1w"]}]}},"_links":{"self":[{"href":"https:\/\/oneoffshorecompany.eu\/index.php?rest_route=\/wp\/v2\/product\/306","targetHints":{"allow":["GET"]}}],"collection":[{"href":"https:\/\/oneoffshorecompany.eu\/index.php?rest_route=\/wp\/v2\/product"}],"about":[{"href":"https:\/\/oneoffshorecompany.eu\/index.php?rest_route=\/wp\/v2\/types\/product"}],"replies":[{"embeddable":true,"href":"https:\/\/oneoffshorecompany.eu\/index.php?rest_route=%2Fwp%2Fv2%2Fcomments&post=306"}],"wp:featuredmedia":[{"embeddable":true,"href":"https:\/\/oneoffshorecompany.eu\/index.php?rest_route=\/wp\/v2\/media\/300"}],"wp:attachment":[{"href":"https:\/\/oneoffshorecompany.eu\/index.php?rest_route=%2Fwp%2Fv2%2Fmedia&parent=306"}],"wp:term":[{"taxonomy":"product_cat","embeddable":true,"href":"https:\/\/oneoffshorecompany.eu\/index.php?rest_route=%2Fwp%2Fv2%2Fproduct_cat&post=306"},{"taxonomy":"product_tag","embeddable":true,"href":"https:\/\/oneoffshorecompany.eu\/index.php?rest_route=%2Fwp%2Fv2%2Fproduct_tag&post=306"}],"curies":[{"name":"wp","href":"https:\/\/api.w.org\/{rel}","templated":true}]}}