{"id":245,"date":"2018-04-11T14:26:25","date_gmt":"2018-04-11T12:26:25","guid":{"rendered":"https:\/\/oneoffshorecompany.eu\/?post_type=product&#038;p=245"},"modified":"2019-04-24T10:24:21","modified_gmt":"2019-04-24T08:24:21","slug":"ingegneria-fiscale-due-punto-zero-ebook","status":"publish","type":"product","link":"https:\/\/oneoffshorecompany.eu\/?product=ingegneria-fiscale-due-punto-zero-ebook","title":{"rendered":"Ingegneria Fiscale Due Punto Zero &#8211; Ebook"},"content":{"rendered":"<p>Tutti noi sogniamo di pagare meno tasse, ma oltre a sognare e protestare, non approfondiamo cosa lo Stato ci consente di fare per ridurre la tassazione. Anzi, incominciamo a cercare come eludere il fisco prima ancora di capire cosa c\u2019\u00e8 di lecito che possiamo fare.<\/p>\n<p>Invece di guardare all\u2019Italia, questo EBOOK apre un mondo nuovo, che \u00e8 l\u00ec, solido concreto, ma molti non hanno imparato ad inquadrare l\u2019angolatura per vederlo.<\/p>\n<p>Invece di guardare alla tassazione italiana,\u00a0<strong>questo EBOOK<\/strong>, mette in chiaro le leggi di alcuni paesi; leggi e normative che regolano la loro specifica tassazione;\u00a0<strong>non scappatoie ma leggi<\/strong>.<\/p>\n<p>E mentre guarda fuori confini, traccia le congruenze con le leggi italiane in modo da rispondere alle normative di casa nostra e del paese sotto esame.<\/p>\n<p>Oltre alle leggi, che diventano in nostro nuovo sogno, presenta come si fa a diventare la figura giuridica che \u00e8 sottoposta a quella legislazione e tassazione, il tutto armonizzato alla normativa fiscale italiana.<\/p>\n<p>Affinch\u00e9 anche questa non rimanga un sogno, l\u2019autore di questo EBOOK Vi segna il percorso: Vi mette a disposizione l\u2019iter per implementarlo.<\/p>\n<p>Un sogno? No!\u00a0<strong>Fatti concreti, rispondenti alle leggi specifiche del paese ospitante e quelle dell\u2019Italia.<\/strong><\/p>\n<p>Fatti messi in ordine: cosa fare, quando, con quale metodologie rispondere alle differenti giurisdizioni.<\/p>\n<p>Un panorama mondiale, selezionato dall\u2019esperienza. Una visione ampia che consente di creare un vestito adatto alle proprie esigenze, al proprio patrimonio, alla propria tipologia di lavoro.<\/p>\n<p>Come entrate nei complessi meandri della tassazione internazionale, la \u00a0difficolt\u00e0 numero uno, \u00e8 quella di creare una mappa che consenta di individuare tra le molte soluzioni possibili quella pi\u00f9 vantaggiosa in relazione alla nostra identit\u00e0.<\/p>\n<p>Ecco perch\u00e8 \u00e8 nato questo Ebook: per guidarvi con schermi semplici e tabelle analitiche per illustrarvi tutte le possibili soluzioni.<\/p>\n","protected":false},"excerpt":{"rendered":"<p><img loading=\"lazy\" decoding=\"async\" class=\"aligncenter wp-image-577 size-thumbnail\" src=\"https:\/\/oneoffshorecompany.eu\/wp-content\/uploads\/2018\/04\/Copertina-Guida18-150x150.jpg\" alt=\"\" width=\"150\" height=\"150\" srcset=\"https:\/\/oneoffshorecompany.eu\/wp-content\/uploads\/2018\/04\/Copertina-Guida18-150x150.jpg 150w, https:\/\/oneoffshorecompany.eu\/wp-content\/uploads\/2018\/04\/Copertina-Guida18-440x440.jpg 440w, https:\/\/oneoffshorecompany.eu\/wp-content\/uploads\/2018\/04\/Copertina-Guida18-100x100.jpg 100w\" sizes=\"(max-width: 150px) 100vw, 150px\" \/><\/p>\n<p>&nbsp;<\/p>\n","protected":false},"featured_media":577,"comment_status":"closed","ping_status":"closed","template":"","meta":{"_et_pb_use_builder":"","_et_pb_old_content":"","_et_gb_content_width":""},"product_cat":[20],"product_tag":[],"class_list":{"0":"post-245","1":"product","2":"type-product","3":"status-publish","4":"has-post-thumbnail","6":"product_cat-ebook","8":"first","9":"instock","10":"downloadable","11":"shipping-taxable","12":"purchasable","13":"product-type-simple"},"yoast_head":"<!-- This site is optimized with the Yoast SEO plugin v23.6 - https:\/\/yoast.com\/wordpress\/plugins\/seo\/ -->\n<title>Ingegneria Fiscale Due Punto Zero Ebook Come Pagare Meno Tasse<\/title>\n<meta name=\"description\" content=\"Ingegneria Fiscale vuol dire conoscenza di norme, leggi, possibilit\u00e0 di ridurre legalmente il proprio carico fiscale usufruendo di una fiscalit\u00e0 agevolata.\" \/>\n<meta name=\"robots\" content=\"index, follow, max-snippet:-1, max-image-preview:large, max-video-preview:-1\" \/>\n<link rel=\"canonical\" href=\"https:\/\/oneoffshorecompany.eu\/?product=ingegneria-fiscale-due-punto-zero-ebook\" \/>\n<meta property=\"og:locale\" content=\"it_IT\" \/>\n<meta property=\"og:type\" content=\"article\" \/>\n<meta property=\"og:title\" content=\"Ingegneria Fiscale Due Punto Zero Ebook Come Pagare Meno Tasse\" \/>\n<meta property=\"og:description\" content=\"Ingegneria Fiscale vuol dire conoscenza di norme, leggi, possibilit\u00e0 di ridurre legalmente il proprio carico fiscale usufruendo di una fiscalit\u00e0 agevolata.\" \/>\n<meta property=\"og:url\" content=\"https:\/\/oneoffshorecompany.eu\/?product=ingegneria-fiscale-due-punto-zero-ebook\" \/>\n<meta property=\"og:site_name\" content=\"OffShoreCompany - Costituzione Societ\u00e0 Estere\" \/>\n<meta property=\"article:publisher\" content=\"https:\/\/www.facebook.com\/Oscoffshorecompanyllp\/\" \/>\n<meta property=\"article:modified_time\" content=\"2019-04-24T08:24:21+00:00\" \/>\n<meta property=\"og:image\" content=\"https:\/\/oneoffshorecompany.eu\/wp-content\/uploads\/2018\/04\/Copertina-Guida18.jpg\" \/>\n\t<meta property=\"og:image:width\" content=\"2480\" \/>\n\t<meta property=\"og:image:height\" content=\"3508\" \/>\n\t<meta property=\"og:image:type\" content=\"image\/jpeg\" \/>\n<meta name=\"twitter:card\" content=\"summary_large_image\" \/>\n<meta name=\"twitter:label1\" content=\"Tempo di lettura stimato\" \/>\n\t<meta name=\"twitter:data1\" content=\"1 minuto\" \/>\n<script type=\"application\/ld+json\" class=\"yoast-schema-graph\">{\"@context\":\"https:\/\/schema.org\",\"@graph\":[{\"@type\":\"WebPage\",\"@id\":\"https:\/\/oneoffshorecompany.eu\/?product=ingegneria-fiscale-due-punto-zero-ebook\",\"url\":\"https:\/\/oneoffshorecompany.eu\/?product=ingegneria-fiscale-due-punto-zero-ebook\",\"name\":\"Ingegneria Fiscale Due Punto Zero Ebook Come Pagare Meno Tasse\",\"isPartOf\":{\"@id\":\"https:\/\/oneoffshorecompany.eu\/#website\"},\"primaryImageOfPage\":{\"@id\":\"https:\/\/oneoffshorecompany.eu\/?product=ingegneria-fiscale-due-punto-zero-ebook#primaryimage\"},\"image\":{\"@id\":\"https:\/\/oneoffshorecompany.eu\/?product=ingegneria-fiscale-due-punto-zero-ebook#primaryimage\"},\"thumbnailUrl\":\"https:\/\/oneoffshorecompany.eu\/wp-content\/uploads\/2018\/04\/Copertina-Guida18.jpg\",\"datePublished\":\"2018-04-11T12:26:25+00:00\",\"dateModified\":\"2019-04-24T08:24:21+00:00\",\"description\":\"Ingegneria Fiscale vuol dire conoscenza di norme, leggi, possibilit\u00e0 di ridurre legalmente il proprio carico fiscale usufruendo di una fiscalit\u00e0 agevolata.\",\"breadcrumb\":{\"@id\":\"https:\/\/oneoffshorecompany.eu\/?product=ingegneria-fiscale-due-punto-zero-ebook#breadcrumb\"},\"inLanguage\":\"it-IT\",\"potentialAction\":[{\"@type\":\"ReadAction\",\"target\":[\"https:\/\/oneoffshorecompany.eu\/?product=ingegneria-fiscale-due-punto-zero-ebook\"]}]},{\"@type\":\"ImageObject\",\"inLanguage\":\"it-IT\",\"@id\":\"https:\/\/oneoffshorecompany.eu\/?product=ingegneria-fiscale-due-punto-zero-ebook#primaryimage\",\"url\":\"https:\/\/oneoffshorecompany.eu\/wp-content\/uploads\/2018\/04\/Copertina-Guida18.jpg\",\"contentUrl\":\"https:\/\/oneoffshorecompany.eu\/wp-content\/uploads\/2018\/04\/Copertina-Guida18.jpg\",\"width\":2480,\"height\":3508},{\"@type\":\"BreadcrumbList\",\"@id\":\"https:\/\/oneoffshorecompany.eu\/?product=ingegneria-fiscale-due-punto-zero-ebook#breadcrumb\",\"itemListElement\":[{\"@type\":\"ListItem\",\"position\":1,\"name\":\"Home\",\"item\":\"https:\/\/oneoffshorecompany.eu\/\"},{\"@type\":\"ListItem\",\"position\":2,\"name\":\"Shop\",\"item\":\"https:\/\/oneoffshorecompany.eu\/?page_id=94\"},{\"@type\":\"ListItem\",\"position\":3,\"name\":\"Ingegneria Fiscale Due Punto Zero &#8211; Ebook\"}]},{\"@type\":\"WebSite\",\"@id\":\"https:\/\/oneoffshorecompany.eu\/#website\",\"url\":\"https:\/\/oneoffshorecompany.eu\/\",\"name\":\"OffShoreCompany LLP - Costituzione Societ\u00e0 Estere e Trust\",\"description\":\"Pagare Meno Tasse \u00e8 possibile!\",\"publisher\":{\"@id\":\"https:\/\/oneoffshorecompany.eu\/#organization\"},\"potentialAction\":[{\"@type\":\"SearchAction\",\"target\":{\"@type\":\"EntryPoint\",\"urlTemplate\":\"https:\/\/oneoffshorecompany.eu\/?s={search_term_string}\"},\"query-input\":{\"@type\":\"PropertyValueSpecification\",\"valueRequired\":true,\"valueName\":\"search_term_string\"}}],\"inLanguage\":\"it-IT\"},{\"@type\":\"Organization\",\"@id\":\"https:\/\/oneoffshorecompany.eu\/#organization\",\"name\":\"O.S.C. OffShoreCompany LLP\",\"url\":\"https:\/\/oneoffshorecompany.eu\/\",\"logo\":{\"@type\":\"ImageObject\",\"inLanguage\":\"it-IT\",\"@id\":\"https:\/\/oneoffshorecompany.eu\/#\/schema\/logo\/image\/\",\"url\":\"https:\/\/oneoffshorecompany.eu\/wp-content\/uploads\/2018\/05\/logotipo_OSC.png\",\"contentUrl\":\"https:\/\/oneoffshorecompany.eu\/wp-content\/uploads\/2018\/05\/logotipo_OSC.png\",\"width\":402,\"height\":52,\"caption\":\"O.S.C. OffShoreCompany LLP\"},\"image\":{\"@id\":\"https:\/\/oneoffshorecompany.eu\/#\/schema\/logo\/image\/\"},\"sameAs\":[\"https:\/\/www.facebook.com\/Oscoffshorecompanyllp\/\",\"https:\/\/www.instagram.com\/offshorecompanyllp\/\",\"https:\/\/www.linkedin.com\/in\/osc-offshorecompanyllp\/\",\"https:\/\/www.youtube.com\/channel\/UCCUh5HyhZ-Ehy3J5mOAIi1w\"]}]}<\/script>\n<!-- \/ Yoast SEO plugin. -->","yoast_head_json":{"title":"Ingegneria Fiscale Due Punto Zero Ebook Come Pagare Meno Tasse","description":"Ingegneria Fiscale vuol dire conoscenza di norme, leggi, possibilit\u00e0 di ridurre legalmente il proprio carico fiscale usufruendo di una fiscalit\u00e0 agevolata.","robots":{"index":"index","follow":"follow","max-snippet":"max-snippet:-1","max-image-preview":"max-image-preview:large","max-video-preview":"max-video-preview:-1"},"canonical":"https:\/\/oneoffshorecompany.eu\/?product=ingegneria-fiscale-due-punto-zero-ebook","og_locale":"it_IT","og_type":"article","og_title":"Ingegneria Fiscale Due Punto Zero Ebook Come Pagare Meno Tasse","og_description":"Ingegneria Fiscale vuol dire conoscenza di norme, leggi, possibilit\u00e0 di ridurre legalmente il proprio carico fiscale usufruendo di una fiscalit\u00e0 agevolata.","og_url":"https:\/\/oneoffshorecompany.eu\/?product=ingegneria-fiscale-due-punto-zero-ebook","og_site_name":"OffShoreCompany - Costituzione Societ\u00e0 Estere","article_publisher":"https:\/\/www.facebook.com\/Oscoffshorecompanyllp\/","article_modified_time":"2019-04-24T08:24:21+00:00","og_image":[{"width":2480,"height":3508,"url":"https:\/\/oneoffshorecompany.eu\/wp-content\/uploads\/2018\/04\/Copertina-Guida18.jpg","type":"image\/jpeg"}],"twitter_card":"summary_large_image","twitter_misc":{"Tempo di lettura stimato":"1 minuto"},"schema":{"@context":"https:\/\/schema.org","@graph":[{"@type":"WebPage","@id":"https:\/\/oneoffshorecompany.eu\/?product=ingegneria-fiscale-due-punto-zero-ebook","url":"https:\/\/oneoffshorecompany.eu\/?product=ingegneria-fiscale-due-punto-zero-ebook","name":"Ingegneria Fiscale Due Punto Zero Ebook Come Pagare Meno Tasse","isPartOf":{"@id":"https:\/\/oneoffshorecompany.eu\/#website"},"primaryImageOfPage":{"@id":"https:\/\/oneoffshorecompany.eu\/?product=ingegneria-fiscale-due-punto-zero-ebook#primaryimage"},"image":{"@id":"https:\/\/oneoffshorecompany.eu\/?product=ingegneria-fiscale-due-punto-zero-ebook#primaryimage"},"thumbnailUrl":"https:\/\/oneoffshorecompany.eu\/wp-content\/uploads\/2018\/04\/Copertina-Guida18.jpg","datePublished":"2018-04-11T12:26:25+00:00","dateModified":"2019-04-24T08:24:21+00:00","description":"Ingegneria Fiscale vuol dire conoscenza di norme, leggi, possibilit\u00e0 di ridurre legalmente il proprio carico fiscale usufruendo di una fiscalit\u00e0 agevolata.","breadcrumb":{"@id":"https:\/\/oneoffshorecompany.eu\/?product=ingegneria-fiscale-due-punto-zero-ebook#breadcrumb"},"inLanguage":"it-IT","potentialAction":[{"@type":"ReadAction","target":["https:\/\/oneoffshorecompany.eu\/?product=ingegneria-fiscale-due-punto-zero-ebook"]}]},{"@type":"ImageObject","inLanguage":"it-IT","@id":"https:\/\/oneoffshorecompany.eu\/?product=ingegneria-fiscale-due-punto-zero-ebook#primaryimage","url":"https:\/\/oneoffshorecompany.eu\/wp-content\/uploads\/2018\/04\/Copertina-Guida18.jpg","contentUrl":"https:\/\/oneoffshorecompany.eu\/wp-content\/uploads\/2018\/04\/Copertina-Guida18.jpg","width":2480,"height":3508},{"@type":"BreadcrumbList","@id":"https:\/\/oneoffshorecompany.eu\/?product=ingegneria-fiscale-due-punto-zero-ebook#breadcrumb","itemListElement":[{"@type":"ListItem","position":1,"name":"Home","item":"https:\/\/oneoffshorecompany.eu\/"},{"@type":"ListItem","position":2,"name":"Shop","item":"https:\/\/oneoffshorecompany.eu\/?page_id=94"},{"@type":"ListItem","position":3,"name":"Ingegneria Fiscale Due Punto Zero &#8211; Ebook"}]},{"@type":"WebSite","@id":"https:\/\/oneoffshorecompany.eu\/#website","url":"https:\/\/oneoffshorecompany.eu\/","name":"OffShoreCompany LLP - Costituzione Societ\u00e0 Estere e Trust","description":"Pagare Meno Tasse \u00e8 possibile!","publisher":{"@id":"https:\/\/oneoffshorecompany.eu\/#organization"},"potentialAction":[{"@type":"SearchAction","target":{"@type":"EntryPoint","urlTemplate":"https:\/\/oneoffshorecompany.eu\/?s={search_term_string}"},"query-input":{"@type":"PropertyValueSpecification","valueRequired":true,"valueName":"search_term_string"}}],"inLanguage":"it-IT"},{"@type":"Organization","@id":"https:\/\/oneoffshorecompany.eu\/#organization","name":"O.S.C. OffShoreCompany LLP","url":"https:\/\/oneoffshorecompany.eu\/","logo":{"@type":"ImageObject","inLanguage":"it-IT","@id":"https:\/\/oneoffshorecompany.eu\/#\/schema\/logo\/image\/","url":"https:\/\/oneoffshorecompany.eu\/wp-content\/uploads\/2018\/05\/logotipo_OSC.png","contentUrl":"https:\/\/oneoffshorecompany.eu\/wp-content\/uploads\/2018\/05\/logotipo_OSC.png","width":402,"height":52,"caption":"O.S.C. OffShoreCompany LLP"},"image":{"@id":"https:\/\/oneoffshorecompany.eu\/#\/schema\/logo\/image\/"},"sameAs":["https:\/\/www.facebook.com\/Oscoffshorecompanyllp\/","https:\/\/www.instagram.com\/offshorecompanyllp\/","https:\/\/www.linkedin.com\/in\/osc-offshorecompanyllp\/","https:\/\/www.youtube.com\/channel\/UCCUh5HyhZ-Ehy3J5mOAIi1w"]}]}},"_links":{"self":[{"href":"https:\/\/oneoffshorecompany.eu\/index.php?rest_route=\/wp\/v2\/product\/245","targetHints":{"allow":["GET"]}}],"collection":[{"href":"https:\/\/oneoffshorecompany.eu\/index.php?rest_route=\/wp\/v2\/product"}],"about":[{"href":"https:\/\/oneoffshorecompany.eu\/index.php?rest_route=\/wp\/v2\/types\/product"}],"replies":[{"embeddable":true,"href":"https:\/\/oneoffshorecompany.eu\/index.php?rest_route=%2Fwp%2Fv2%2Fcomments&post=245"}],"wp:featuredmedia":[{"embeddable":true,"href":"https:\/\/oneoffshorecompany.eu\/index.php?rest_route=\/wp\/v2\/media\/577"}],"wp:attachment":[{"href":"https:\/\/oneoffshorecompany.eu\/index.php?rest_route=%2Fwp%2Fv2%2Fmedia&parent=245"}],"wp:term":[{"taxonomy":"product_cat","embeddable":true,"href":"https:\/\/oneoffshorecompany.eu\/index.php?rest_route=%2Fwp%2Fv2%2Fproduct_cat&post=245"},{"taxonomy":"product_tag","embeddable":true,"href":"https:\/\/oneoffshorecompany.eu\/index.php?rest_route=%2Fwp%2Fv2%2Fproduct_tag&post=245"}],"curies":[{"name":"wp","href":"https:\/\/api.w.org\/{rel}","templated":true}]}}