{"id":100,"date":"2017-12-10T22:33:02","date_gmt":"2017-12-10T21:33:02","guid":{"rendered":"http:\/\/oneoffshorecompany.eu\/?post_type=product&#038;p=100"},"modified":"2018-06-28T12:49:43","modified_gmt":"2018-06-28T10:49:43","slug":"societa-inglese-con-sede-legale","status":"publish","type":"product","link":"https:\/\/oneoffshorecompany.eu\/?product=societa-inglese-con-sede-legale","title":{"rendered":"Societ\u00e0 Inglese con sede legale"},"content":{"rendered":"<h3><span style=\"text-decoration: underline;\"><span style=\"color: #ff0000;\"><strong>Societ\u00e0 inglese pronta per operare.<\/strong><\/span><\/span><\/h3>\n<p>Di seguito l&#8217;elenco dei documenti forniti , pronti per avviare la sua azienda con sede nel Regno Unito.<\/p>\n<p><strong><span style=\"color: #ff0000;\">Verranno forniti i seguenti documenti:<\/span><\/strong><\/p>\n<ul>\n<li>Un anno di ufficio e agente inclusi<\/li>\n<li>Certificato di costituzione elettronica<\/li>\n<li>Registri elettronici<\/li>\n<li>Documenti apostillati inerenti la societ\u00e0 verranno inviati tramite posta o corriere<\/li>\n<\/ul>\n<p>&nbsp;<\/p>\n<p><strong>Nota Bene<\/strong> : Le tasse del secondo anno sono pari a 100 sterline (ti invieremo un promemoria quando dovuto)<\/p>\n<p>&nbsp;<\/p>\n<p><strong>Come posso ordinare?<\/strong><\/p>\n<p>Aggiungi al carrello qui sotto e completa i tuoi dettagli.<\/p>\n<p>Successivamente il termine della transazione di pagamento,\u00a0 Vi verr\u00e0 inviata un email con il documento da compilare ed i documenti richiesti per poter costituire la Vs. nuova societ\u00e0.<\/p>\n","protected":false},"excerpt":{"rendered":"<p><img loading=\"lazy\" decoding=\"async\" class=\"alignnone size-medium wp-image-298\" src=\"https:\/\/oneoffshorecompany.eu\/wp-content\/uploads\/2017\/12\/GB-300x150.png\" alt=\"\" width=\"300\" height=\"150\" srcset=\"https:\/\/oneoffshorecompany.eu\/wp-content\/uploads\/2017\/12\/GB-300x150.png 300w, https:\/\/oneoffshorecompany.eu\/wp-content\/uploads\/2017\/12\/GB.png 318w\" sizes=\"(max-width: 300px) 100vw, 300px\" \/><\/p>\n","protected":false},"featured_media":300,"comment_status":"open","ping_status":"closed","template":"","meta":{"_et_pb_use_builder":"","_et_pb_old_content":"","_et_gb_content_width":""},"product_cat":[18],"product_tag":[19],"class_list":{"0":"post-100","1":"product","2":"type-product","3":"status-publish","4":"has-post-thumbnail","6":"product_cat-societa-uk","7":"product_tag-societa-uk","9":"first","10":"instock","11":"virtual","12":"purchasable","13":"product-type-simple"},"yoast_head":"<!-- This site is optimized with the Yoast SEO plugin v23.6 - https:\/\/yoast.com\/wordpress\/plugins\/seo\/ -->\n<title>Societ\u00e0 Inglese pronta - OffShoreCompany LLP - Costituzione societ\u00e0 estere<\/title>\n<meta name=\"description\" content=\"Societ\u00e0 inglese pronta a operare in tutto ovunque nel mondo con sede nel Regno Unito e documenti apostillati completi. Tasse pagate incluse primo anno.\" \/>\n<meta name=\"robots\" content=\"index, follow, max-snippet:-1, max-image-preview:large, max-video-preview:-1\" \/>\n<link rel=\"canonical\" href=\"https:\/\/oneoffshorecompany.eu\/?product=societa-inglese-con-sede-legale\" \/>\n<meta property=\"og:locale\" content=\"it_IT\" \/>\n<meta property=\"og:type\" content=\"article\" \/>\n<meta property=\"og:title\" content=\"Societ\u00e0 Inglese pronta - OffShoreCompany LLP - Costituzione societ\u00e0 estere\" \/>\n<meta property=\"og:description\" content=\"Societ\u00e0 inglese pronta a operare in tutto ovunque nel mondo con sede nel Regno Unito e documenti apostillati completi. Tasse pagate incluse primo anno.\" \/>\n<meta property=\"og:url\" content=\"https:\/\/oneoffshorecompany.eu\/?product=societa-inglese-con-sede-legale\" \/>\n<meta property=\"og:site_name\" content=\"OffShoreCompany - Costituzione Societ\u00e0 Estere\" \/>\n<meta property=\"article:publisher\" content=\"https:\/\/www.facebook.com\/Oscoffshorecompanyllp\/\" \/>\n<meta property=\"article:modified_time\" content=\"2018-06-28T10:49:43+00:00\" \/>\n<meta property=\"og:image\" content=\"https:\/\/oneoffshorecompany.eu\/wp-content\/uploads\/2017\/12\/GB-1.png\" \/>\n\t<meta property=\"og:image:width\" content=\"318\" \/>\n\t<meta property=\"og:image:height\" content=\"159\" \/>\n\t<meta property=\"og:image:type\" content=\"image\/png\" \/>\n<meta name=\"twitter:card\" content=\"summary_large_image\" \/>\n<meta name=\"twitter:label1\" content=\"Tempo di lettura stimato\" \/>\n\t<meta name=\"twitter:data1\" content=\"1 minuto\" \/>\n<script type=\"application\/ld+json\" class=\"yoast-schema-graph\">{\"@context\":\"https:\/\/schema.org\",\"@graph\":[{\"@type\":\"WebPage\",\"@id\":\"https:\/\/oneoffshorecompany.eu\/?product=societa-inglese-con-sede-legale\",\"url\":\"https:\/\/oneoffshorecompany.eu\/?product=societa-inglese-con-sede-legale\",\"name\":\"Societ\u00e0 Inglese pronta - OffShoreCompany LLP - Costituzione societ\u00e0 estere\",\"isPartOf\":{\"@id\":\"https:\/\/oneoffshorecompany.eu\/#website\"},\"primaryImageOfPage\":{\"@id\":\"https:\/\/oneoffshorecompany.eu\/?product=societa-inglese-con-sede-legale#primaryimage\"},\"image\":{\"@id\":\"https:\/\/oneoffshorecompany.eu\/?product=societa-inglese-con-sede-legale#primaryimage\"},\"thumbnailUrl\":\"https:\/\/oneoffshorecompany.eu\/wp-content\/uploads\/2017\/12\/GB-1.png\",\"datePublished\":\"2017-12-10T21:33:02+00:00\",\"dateModified\":\"2018-06-28T10:49:43+00:00\",\"description\":\"Societ\u00e0 inglese pronta a operare in tutto ovunque nel mondo con sede nel Regno Unito e documenti apostillati completi. Tasse pagate incluse primo anno.\",\"breadcrumb\":{\"@id\":\"https:\/\/oneoffshorecompany.eu\/?product=societa-inglese-con-sede-legale#breadcrumb\"},\"inLanguage\":\"it-IT\",\"potentialAction\":[{\"@type\":\"ReadAction\",\"target\":[\"https:\/\/oneoffshorecompany.eu\/?product=societa-inglese-con-sede-legale\"]}]},{\"@type\":\"ImageObject\",\"inLanguage\":\"it-IT\",\"@id\":\"https:\/\/oneoffshorecompany.eu\/?product=societa-inglese-con-sede-legale#primaryimage\",\"url\":\"https:\/\/oneoffshorecompany.eu\/wp-content\/uploads\/2017\/12\/GB-1.png\",\"contentUrl\":\"https:\/\/oneoffshorecompany.eu\/wp-content\/uploads\/2017\/12\/GB-1.png\",\"width\":318,\"height\":159},{\"@type\":\"BreadcrumbList\",\"@id\":\"https:\/\/oneoffshorecompany.eu\/?product=societa-inglese-con-sede-legale#breadcrumb\",\"itemListElement\":[{\"@type\":\"ListItem\",\"position\":1,\"name\":\"Home\",\"item\":\"https:\/\/oneoffshorecompany.eu\/\"},{\"@type\":\"ListItem\",\"position\":2,\"name\":\"Shop\",\"item\":\"https:\/\/oneoffshorecompany.eu\/?page_id=94\"},{\"@type\":\"ListItem\",\"position\":3,\"name\":\"Societ\u00e0 Inglese con sede legale\"}]},{\"@type\":\"WebSite\",\"@id\":\"https:\/\/oneoffshorecompany.eu\/#website\",\"url\":\"https:\/\/oneoffshorecompany.eu\/\",\"name\":\"OffShoreCompany LLP - Costituzione Societ\u00e0 Estere e Trust\",\"description\":\"Pagare Meno Tasse \u00e8 possibile!\",\"publisher\":{\"@id\":\"https:\/\/oneoffshorecompany.eu\/#organization\"},\"potentialAction\":[{\"@type\":\"SearchAction\",\"target\":{\"@type\":\"EntryPoint\",\"urlTemplate\":\"https:\/\/oneoffshorecompany.eu\/?s={search_term_string}\"},\"query-input\":{\"@type\":\"PropertyValueSpecification\",\"valueRequired\":true,\"valueName\":\"search_term_string\"}}],\"inLanguage\":\"it-IT\"},{\"@type\":\"Organization\",\"@id\":\"https:\/\/oneoffshorecompany.eu\/#organization\",\"name\":\"O.S.C. OffShoreCompany LLP\",\"url\":\"https:\/\/oneoffshorecompany.eu\/\",\"logo\":{\"@type\":\"ImageObject\",\"inLanguage\":\"it-IT\",\"@id\":\"https:\/\/oneoffshorecompany.eu\/#\/schema\/logo\/image\/\",\"url\":\"https:\/\/oneoffshorecompany.eu\/wp-content\/uploads\/2018\/05\/logotipo_OSC.png\",\"contentUrl\":\"https:\/\/oneoffshorecompany.eu\/wp-content\/uploads\/2018\/05\/logotipo_OSC.png\",\"width\":402,\"height\":52,\"caption\":\"O.S.C. OffShoreCompany LLP\"},\"image\":{\"@id\":\"https:\/\/oneoffshorecompany.eu\/#\/schema\/logo\/image\/\"},\"sameAs\":[\"https:\/\/www.facebook.com\/Oscoffshorecompanyllp\/\",\"https:\/\/www.instagram.com\/offshorecompanyllp\/\",\"https:\/\/www.linkedin.com\/in\/osc-offshorecompanyllp\/\",\"https:\/\/www.youtube.com\/channel\/UCCUh5HyhZ-Ehy3J5mOAIi1w\"]}]}<\/script>\n<!-- \/ Yoast SEO plugin. -->","yoast_head_json":{"title":"Societ\u00e0 Inglese pronta - OffShoreCompany LLP - Costituzione societ\u00e0 estere","description":"Societ\u00e0 inglese pronta a operare in tutto ovunque nel mondo con sede nel Regno Unito e documenti apostillati completi. Tasse pagate incluse primo anno.","robots":{"index":"index","follow":"follow","max-snippet":"max-snippet:-1","max-image-preview":"max-image-preview:large","max-video-preview":"max-video-preview:-1"},"canonical":"https:\/\/oneoffshorecompany.eu\/?product=societa-inglese-con-sede-legale","og_locale":"it_IT","og_type":"article","og_title":"Societ\u00e0 Inglese pronta - OffShoreCompany LLP - Costituzione societ\u00e0 estere","og_description":"Societ\u00e0 inglese pronta a operare in tutto ovunque nel mondo con sede nel Regno Unito e documenti apostillati completi. Tasse pagate incluse primo anno.","og_url":"https:\/\/oneoffshorecompany.eu\/?product=societa-inglese-con-sede-legale","og_site_name":"OffShoreCompany - Costituzione Societ\u00e0 Estere","article_publisher":"https:\/\/www.facebook.com\/Oscoffshorecompanyllp\/","article_modified_time":"2018-06-28T10:49:43+00:00","og_image":[{"width":318,"height":159,"url":"https:\/\/oneoffshorecompany.eu\/wp-content\/uploads\/2017\/12\/GB-1.png","type":"image\/png"}],"twitter_card":"summary_large_image","twitter_misc":{"Tempo di lettura stimato":"1 minuto"},"schema":{"@context":"https:\/\/schema.org","@graph":[{"@type":"WebPage","@id":"https:\/\/oneoffshorecompany.eu\/?product=societa-inglese-con-sede-legale","url":"https:\/\/oneoffshorecompany.eu\/?product=societa-inglese-con-sede-legale","name":"Societ\u00e0 Inglese pronta - OffShoreCompany LLP - Costituzione societ\u00e0 estere","isPartOf":{"@id":"https:\/\/oneoffshorecompany.eu\/#website"},"primaryImageOfPage":{"@id":"https:\/\/oneoffshorecompany.eu\/?product=societa-inglese-con-sede-legale#primaryimage"},"image":{"@id":"https:\/\/oneoffshorecompany.eu\/?product=societa-inglese-con-sede-legale#primaryimage"},"thumbnailUrl":"https:\/\/oneoffshorecompany.eu\/wp-content\/uploads\/2017\/12\/GB-1.png","datePublished":"2017-12-10T21:33:02+00:00","dateModified":"2018-06-28T10:49:43+00:00","description":"Societ\u00e0 inglese pronta a operare in tutto ovunque nel mondo con sede nel Regno Unito e documenti apostillati completi. Tasse pagate incluse primo anno.","breadcrumb":{"@id":"https:\/\/oneoffshorecompany.eu\/?product=societa-inglese-con-sede-legale#breadcrumb"},"inLanguage":"it-IT","potentialAction":[{"@type":"ReadAction","target":["https:\/\/oneoffshorecompany.eu\/?product=societa-inglese-con-sede-legale"]}]},{"@type":"ImageObject","inLanguage":"it-IT","@id":"https:\/\/oneoffshorecompany.eu\/?product=societa-inglese-con-sede-legale#primaryimage","url":"https:\/\/oneoffshorecompany.eu\/wp-content\/uploads\/2017\/12\/GB-1.png","contentUrl":"https:\/\/oneoffshorecompany.eu\/wp-content\/uploads\/2017\/12\/GB-1.png","width":318,"height":159},{"@type":"BreadcrumbList","@id":"https:\/\/oneoffshorecompany.eu\/?product=societa-inglese-con-sede-legale#breadcrumb","itemListElement":[{"@type":"ListItem","position":1,"name":"Home","item":"https:\/\/oneoffshorecompany.eu\/"},{"@type":"ListItem","position":2,"name":"Shop","item":"https:\/\/oneoffshorecompany.eu\/?page_id=94"},{"@type":"ListItem","position":3,"name":"Societ\u00e0 Inglese con sede legale"}]},{"@type":"WebSite","@id":"https:\/\/oneoffshorecompany.eu\/#website","url":"https:\/\/oneoffshorecompany.eu\/","name":"OffShoreCompany LLP - Costituzione Societ\u00e0 Estere e Trust","description":"Pagare Meno Tasse \u00e8 possibile!","publisher":{"@id":"https:\/\/oneoffshorecompany.eu\/#organization"},"potentialAction":[{"@type":"SearchAction","target":{"@type":"EntryPoint","urlTemplate":"https:\/\/oneoffshorecompany.eu\/?s={search_term_string}"},"query-input":{"@type":"PropertyValueSpecification","valueRequired":true,"valueName":"search_term_string"}}],"inLanguage":"it-IT"},{"@type":"Organization","@id":"https:\/\/oneoffshorecompany.eu\/#organization","name":"O.S.C. OffShoreCompany LLP","url":"https:\/\/oneoffshorecompany.eu\/","logo":{"@type":"ImageObject","inLanguage":"it-IT","@id":"https:\/\/oneoffshorecompany.eu\/#\/schema\/logo\/image\/","url":"https:\/\/oneoffshorecompany.eu\/wp-content\/uploads\/2018\/05\/logotipo_OSC.png","contentUrl":"https:\/\/oneoffshorecompany.eu\/wp-content\/uploads\/2018\/05\/logotipo_OSC.png","width":402,"height":52,"caption":"O.S.C. OffShoreCompany LLP"},"image":{"@id":"https:\/\/oneoffshorecompany.eu\/#\/schema\/logo\/image\/"},"sameAs":["https:\/\/www.facebook.com\/Oscoffshorecompanyllp\/","https:\/\/www.instagram.com\/offshorecompanyllp\/","https:\/\/www.linkedin.com\/in\/osc-offshorecompanyllp\/","https:\/\/www.youtube.com\/channel\/UCCUh5HyhZ-Ehy3J5mOAIi1w"]}]}},"_links":{"self":[{"href":"https:\/\/oneoffshorecompany.eu\/index.php?rest_route=\/wp\/v2\/product\/100","targetHints":{"allow":["GET"]}}],"collection":[{"href":"https:\/\/oneoffshorecompany.eu\/index.php?rest_route=\/wp\/v2\/product"}],"about":[{"href":"https:\/\/oneoffshorecompany.eu\/index.php?rest_route=\/wp\/v2\/types\/product"}],"replies":[{"embeddable":true,"href":"https:\/\/oneoffshorecompany.eu\/index.php?rest_route=%2Fwp%2Fv2%2Fcomments&post=100"}],"wp:featuredmedia":[{"embeddable":true,"href":"https:\/\/oneoffshorecompany.eu\/index.php?rest_route=\/wp\/v2\/media\/300"}],"wp:attachment":[{"href":"https:\/\/oneoffshorecompany.eu\/index.php?rest_route=%2Fwp%2Fv2%2Fmedia&parent=100"}],"wp:term":[{"taxonomy":"product_cat","embeddable":true,"href":"https:\/\/oneoffshorecompany.eu\/index.php?rest_route=%2Fwp%2Fv2%2Fproduct_cat&post=100"},{"taxonomy":"product_tag","embeddable":true,"href":"https:\/\/oneoffshorecompany.eu\/index.php?rest_route=%2Fwp%2Fv2%2Fproduct_tag&post=100"}],"curies":[{"name":"wp","href":"https:\/\/api.w.org\/{rel}","templated":true}]}}