{"id":271,"date":"2018-04-13T00:40:18","date_gmt":"2018-04-12T22:40:18","guid":{"rendered":"https:\/\/oneoffshorecompany.eu\/?page_id=271"},"modified":"2018-07-02T12:35:30","modified_gmt":"2018-07-02T10:35:30","slug":"libri","status":"publish","type":"page","link":"https:\/\/oneoffshorecompany.eu\/?page_id=271","title":{"rendered":"GUIDA"},"content":{"rendered":"<p>[et_pb_section fb_built=&#8221;1&#8243; _builder_version=&#8221;3.0.106&#8243;][et_pb_row _builder_version=&#8221;3.0.106&#8243;][et_pb_column type=&#8221;4_4&#8243; _builder_version=&#8221;3.0.106&#8243; parallax=&#8221;off&#8221; parallax_method=&#8221;on&#8221;][et_pb_text _builder_version=&#8221;3.3.1&#8243;]<span style=\"font-size: x-large;\"><strong><span style=\"color: #000000;\">APPROFONDIMENTO DELL&#8217;EBOOK : INGEGNERIA FISCALE 2.0<\/span><\/strong><\/span><br \/>\n[\/et_pb_text][\/et_pb_column][\/et_pb_row][\/et_pb_section][et_pb_section fb_built=&#8221;1&#8243; _builder_version=&#8221;3.2.2&#8243; background_image=&#8221;https:\/\/oneoffshorecompany.eu\/wp-content\/uploads\/2018\/05\/Progetto-senza-titolo.jpg&#8221; parallax=&#8221;on&#8221;][et_pb_row _builder_version=&#8221;3.2.1&#8243;][et_pb_column type=&#8221;1_3&#8243; _builder_version=&#8221;3.2.1&#8243; parallax=&#8221;off&#8221; parallax_method=&#8221;on&#8221;][et_pb_image src=&#8221;https:\/\/oneoffshorecompany.eu\/wp-content\/uploads\/2018\/05\/libri-di-crescita-personale.png&#8221; _builder_version=&#8221;3.2.2&#8243;][\/et_pb_image][\/et_pb_column][et_pb_column type=&#8221;2_3&#8243; _builder_version=&#8221;3.2.1&#8243; parallax=&#8221;off&#8221; parallax_method=&#8221;on&#8221;][et_pb_toggle open=&#8221;on&#8221; _builder_version=&#8221;3.2.2&#8243; title_font=&#8221;|700||on|||||&#8221; title_text_color=&#8221;#000000&#8243; body_font=&#8221;||||||||&#8221; background_color=&#8221;rgba(0,98,237,0.52)&#8221; use_background_color_gradient=&#8221;on&#8221; background_color_gradient_start=&#8221;#ffffff&#8221; background_color_gradient_end=&#8221;rgba(0,193,193,0.04)&#8221; border_color_all=&#8221;#000000&#8243; box_shadow_style=&#8221;preset2&#8243;]<\/p>\n<h1><span style=\"font-size: small;\">L&#8217;EBOOK INGEGNERIA FISCALE DUE PUNTO ZERO \u00e8 una vera e propria guida,\u00a0 \u00e8 un buon passo per passare dal guardare, spettatori, ad\u00a0<strong>essere protagonisti<\/strong>.<\/span><\/h1>\n<p>Sono molte le occasioni della vita che ci si presentano come un sogno irraggiungibile e contemporaneamente ci porgono la soluzione.<\/p>\n<h2><span style=\"font-size: small;\"><em>Pagare meno tasse \u00e8 uno di questi.<\/em><\/span><\/h2>\n<p>Tutti noi sogniamo di pagare meno tasse, ma oltre a sognare e protestare, non approfondiamo cosa lo Stato ci consente di fare per ridurre la tassazione. Anzi, incominciamo a cercare come eludere il fisco prima ancora di capire cosa c\u2019\u00e8 di lecito che possiamo fare.<\/p>\n<p>Invece di guardare all\u2019Italia, questo EBOOK apre un mondo nuovo, che \u00e8 l\u00ec, solido concreto, ma molti non hanno imparato ad inquadrare l\u2019angolatura per vederlo.<\/p>\n<p>Invece di guardare alla tassazione italiana,\u00a0<strong>questo EBOOK<\/strong>, mette in chiaro le leggi di alcuni paesi; leggi e normative che regolano la loro specifica tassazione;\u00a0<strong>non scappatoie ma leggi<\/strong>. E mentre guarda fuori confini, traccia le congruenze con le leggi italiane in modo da rispondere alle normative di casa nostra e del paese sotto esame.<\/p>\n<p>Oltre alle leggi, che diventano in nostro nuovo sogno, presenta come si fa a diventare la figura giuridica che \u00e8 sottoposta a quella legislazione e tassazione, il tutto armonizzato alla normativa fiscale italiana.<\/p>\n<p>Affinch\u00e9 anche questa non rimanga un sogno, l\u2019autore di questo EBOOK Vi segna il percorso: Vi mette a disposizione l\u2019iter per implementarlo.<\/p>\n<p>Un sogno? No!\u00a0<strong>Fatti concreti, rispondenti alle leggi specifiche del paese ospitante e quelle dell\u2019Italia.<\/strong>\u00a0Fatti messi in ordine: cosa fare, quando, con quale metodologie rispondere alle differenti giurisdizioni.<\/p>\n<p>Un panorama mondiale, selezionato dall\u2019esperienza. Una visione ampia che consente di creare un vestito adatto alle proprie esigenze, al proprio patrimonio, alla propria tipologia di lavoro.<\/p>\n<p>Come entrate nei complessi meandri della tassazione internazionale, la \u00a0difficolt\u00e0 numero uno, \u00e8 quella di creare una mappa che consenta di individuare tra le molte soluzioni possibili quella pi\u00f9 vantaggiosa in relazione alla nostra identit\u00e0.<\/p>\n<p>Ecco perch\u00e8 \u00e8 nato questo Ebook: per guidarvi con schermi semplici e tabelle analitiche per illustrarvi tutte le possibili soluzioni.<\/p>\n<p>Al fine di porre la dovuta attenzione sulla normativa in continuo aggiornamento divulgare la conoscenza , \u00e8 stato realizzato il libro intitolato &#8220;Ingegneria Fiscale Due Punto Zero &#8211; Come Pagare Meno Tasse (legalmente) e per sempre&#8221;.<\/p>\n<p>Lo scopo che si prefigge l&#8217;autore \u00e8 di fare divulgazione delle tecniche utilizzate da grandi aziende, multinazionali che per mancata conoscenza dell&#8217;argomento la maggior parte del grande pubblico pensa siano argomenti a loro strettamente riservati.<\/p>\n<p>Al contrario, utilizzando correttamente questi strumenti legali, anche piccole e medie aziende possono accedere a queste modalit\u00e0 di lavoro ed usufruire di strumenti di fiscalit\u00e0 agevolata, tutto nel rispetto dei nostri valori, ovvero rispetto delle normative e della legalit\u00e0.<\/p>\n<p>[\/et_pb_toggle][\/et_pb_column][\/et_pb_row][\/et_pb_section][et_pb_section fb_built=&#8221;1&#8243; _builder_version=&#8221;3.0.106&#8243;][et_pb_row _builder_version=&#8221;3.0.106&#8243;][et_pb_column type=&#8221;4_4&#8243; _builder_version=&#8221;3.0.106&#8243; parallax=&#8221;off&#8221; parallax_method=&#8221;on&#8221;][et_pb_divider color=&#8221;#ffffff&#8221; height=&#8221;6px&#8221; _builder_version=&#8221;3.2&#8243; use_background_color_gradient=&#8221;on&#8221; background_color_gradient_direction=&#8221;13deg&#8221;][\/et_pb_divider][\/et_pb_column][\/et_pb_row][\/et_pb_section][et_pb_section fb_built=&#8221;1&#8243; _builder_version=&#8221;3.2.2&#8243;][et_pb_row _builder_version=&#8221;3.2.2&#8243;][et_pb_column type=&#8221;4_4&#8243; _builder_version=&#8221;3.2.2&#8243; parallax=&#8221;off&#8221; parallax_method=&#8221;on&#8221;][et_pb_text _builder_version=&#8221;3.2.2&#8243; text_font=&#8221;||||||||&#8221; text_text_color=&#8221;#000000&#8243; text_letter_spacing=&#8221;5px&#8221;]<\/p>\n<p style=\"text-align: center;\"><span style=\"font-size: large;\"><strong>LE NOSTRE PUBBLICAZIONI<\/strong><\/span><\/p>\n<p>[\/et_pb_text][\/et_pb_column][\/et_pb_row][\/et_pb_section][et_pb_section fb_built=&#8221;1&#8243; _builder_version=&#8221;3.2.2&#8243;][et_pb_row _builder_version=&#8221;3.2.2&#8243;][et_pb_column type=&#8221;1_2&#8243; _builder_version=&#8221;3.2.2&#8243; parallax=&#8221;off&#8221; parallax_method=&#8221;on&#8221;][et_pb_shop type=&#8221;product_category&#8221; include_categories=&#8221;20&#8243; columns_number=&#8221;1&#8243; _builder_version=&#8221;3.2.2&#8243;][\/et_pb_shop][\/et_pb_column][et_pb_column type=&#8221;1_2&#8243; _builder_version=&#8221;3.2.2&#8243; parallax=&#8221;off&#8221; parallax_method=&#8221;on&#8221;][\/et_pb_column][\/et_pb_row][\/et_pb_section]<\/p>\n","protected":false},"excerpt":{"rendered":"<p>APPROFONDIMENTO DELL&#8217;EBOOK : INGEGNERIA FISCALE 2.0 L&#8217;EBOOK INGEGNERIA FISCALE DUE PUNTO ZERO \u00e8 una vera e propria guida,\u00a0 \u00e8 un buon passo per passare dal guardare, spettatori, ad\u00a0essere protagonisti. Sono molte le occasioni della vita che ci si presentano come un sogno irraggiungibile e contemporaneamente ci porgono la soluzione. Pagare meno tasse \u00e8 uno di [&hellip;]<\/p>\n","protected":false},"author":1,"featured_media":0,"parent":0,"menu_order":0,"comment_status":"closed","ping_status":"closed","template":"","meta":{"_et_pb_use_builder":"on","_et_pb_old_content":"","_et_gb_content_width":"","footnotes":""},"class_list":["post-271","page","type-page","status-publish","hentry"],"yoast_head":"<!-- This site is optimized with the Yoast SEO plugin v23.6 - https:\/\/yoast.com\/wordpress\/plugins\/seo\/ -->\n<title>Ingegneria Fiscale Due Punto Zero - OffShoreCompany LLP<\/title>\n<meta name=\"description\" content=\"L\u2019EBOOK Ingegneria Fiscale Due Punto Zero \u00e8 una vera e propria guida, \u00e8 un buon passo per passare dal guardare, spettatori, ad essere protagonisti.\" \/>\n<meta name=\"robots\" content=\"index, follow, max-snippet:-1, max-image-preview:large, max-video-preview:-1\" \/>\n<link rel=\"canonical\" href=\"https:\/\/oneoffshorecompany.eu\/?page_id=271\" \/>\n<meta property=\"og:locale\" content=\"it_IT\" \/>\n<meta property=\"og:type\" content=\"article\" \/>\n<meta property=\"og:title\" content=\"Ingegneria Fiscale Due Punto Zero - OffShoreCompany LLP\" \/>\n<meta property=\"og:description\" content=\"L\u2019EBOOK Ingegneria Fiscale Due Punto Zero \u00e8 una vera e propria guida, \u00e8 un buon passo per passare dal guardare, spettatori, ad essere protagonisti.\" \/>\n<meta property=\"og:url\" content=\"https:\/\/oneoffshorecompany.eu\/?page_id=271\" \/>\n<meta property=\"og:site_name\" content=\"OffShoreCompany - Costituzione Societ\u00e0 Estere\" \/>\n<meta property=\"article:publisher\" content=\"https:\/\/www.facebook.com\/Oscoffshorecompanyllp\/\" \/>\n<meta property=\"article:modified_time\" content=\"2018-07-02T10:35:30+00:00\" \/>\n<meta name=\"twitter:card\" content=\"summary_large_image\" \/>\n<meta name=\"twitter:label1\" content=\"Tempo di lettura stimato\" \/>\n\t<meta name=\"twitter:data1\" content=\"4 minuti\" \/>\n<script type=\"application\/ld+json\" class=\"yoast-schema-graph\">{\"@context\":\"https:\/\/schema.org\",\"@graph\":[{\"@type\":\"WebPage\",\"@id\":\"https:\/\/oneoffshorecompany.eu\/?page_id=271\",\"url\":\"https:\/\/oneoffshorecompany.eu\/?page_id=271\",\"name\":\"Ingegneria Fiscale Due Punto Zero - OffShoreCompany LLP\",\"isPartOf\":{\"@id\":\"https:\/\/oneoffshorecompany.eu\/#website\"},\"datePublished\":\"2018-04-12T22:40:18+00:00\",\"dateModified\":\"2018-07-02T10:35:30+00:00\",\"description\":\"L\u2019EBOOK Ingegneria Fiscale Due Punto Zero \u00e8 una vera e propria guida, \u00e8 un buon passo per passare dal guardare, spettatori, ad essere protagonisti.\",\"breadcrumb\":{\"@id\":\"https:\/\/oneoffshorecompany.eu\/?page_id=271#breadcrumb\"},\"inLanguage\":\"it-IT\",\"potentialAction\":[{\"@type\":\"ReadAction\",\"target\":[\"https:\/\/oneoffshorecompany.eu\/?page_id=271\"]}]},{\"@type\":\"BreadcrumbList\",\"@id\":\"https:\/\/oneoffshorecompany.eu\/?page_id=271#breadcrumb\",\"itemListElement\":[{\"@type\":\"ListItem\",\"position\":1,\"name\":\"Home\",\"item\":\"https:\/\/oneoffshorecompany.eu\/\"},{\"@type\":\"ListItem\",\"position\":2,\"name\":\"GUIDA\"}]},{\"@type\":\"WebSite\",\"@id\":\"https:\/\/oneoffshorecompany.eu\/#website\",\"url\":\"https:\/\/oneoffshorecompany.eu\/\",\"name\":\"OffShoreCompany LLP - Costituzione Societ\u00e0 Estere e Trust\",\"description\":\"Pagare Meno Tasse \u00e8 possibile!\",\"publisher\":{\"@id\":\"https:\/\/oneoffshorecompany.eu\/#organization\"},\"potentialAction\":[{\"@type\":\"SearchAction\",\"target\":{\"@type\":\"EntryPoint\",\"urlTemplate\":\"https:\/\/oneoffshorecompany.eu\/?s={search_term_string}\"},\"query-input\":{\"@type\":\"PropertyValueSpecification\",\"valueRequired\":true,\"valueName\":\"search_term_string\"}}],\"inLanguage\":\"it-IT\"},{\"@type\":\"Organization\",\"@id\":\"https:\/\/oneoffshorecompany.eu\/#organization\",\"name\":\"O.S.C. OffShoreCompany LLP\",\"url\":\"https:\/\/oneoffshorecompany.eu\/\",\"logo\":{\"@type\":\"ImageObject\",\"inLanguage\":\"it-IT\",\"@id\":\"https:\/\/oneoffshorecompany.eu\/#\/schema\/logo\/image\/\",\"url\":\"https:\/\/oneoffshorecompany.eu\/wp-content\/uploads\/2018\/05\/logotipo_OSC.png\",\"contentUrl\":\"https:\/\/oneoffshorecompany.eu\/wp-content\/uploads\/2018\/05\/logotipo_OSC.png\",\"width\":402,\"height\":52,\"caption\":\"O.S.C. OffShoreCompany LLP\"},\"image\":{\"@id\":\"https:\/\/oneoffshorecompany.eu\/#\/schema\/logo\/image\/\"},\"sameAs\":[\"https:\/\/www.facebook.com\/Oscoffshorecompanyllp\/\",\"https:\/\/www.instagram.com\/offshorecompanyllp\/\",\"https:\/\/www.linkedin.com\/in\/osc-offshorecompanyllp\/\",\"https:\/\/www.youtube.com\/channel\/UCCUh5HyhZ-Ehy3J5mOAIi1w\"]}]}<\/script>\n<!-- \/ Yoast SEO plugin. -->","yoast_head_json":{"title":"Ingegneria Fiscale Due Punto Zero - OffShoreCompany LLP","description":"L\u2019EBOOK Ingegneria Fiscale Due Punto Zero \u00e8 una vera e propria guida, \u00e8 un buon passo per passare dal guardare, spettatori, ad essere protagonisti.","robots":{"index":"index","follow":"follow","max-snippet":"max-snippet:-1","max-image-preview":"max-image-preview:large","max-video-preview":"max-video-preview:-1"},"canonical":"https:\/\/oneoffshorecompany.eu\/?page_id=271","og_locale":"it_IT","og_type":"article","og_title":"Ingegneria Fiscale Due Punto Zero - OffShoreCompany LLP","og_description":"L\u2019EBOOK Ingegneria Fiscale Due Punto Zero \u00e8 una vera e propria guida, \u00e8 un buon passo per passare dal guardare, spettatori, ad essere protagonisti.","og_url":"https:\/\/oneoffshorecompany.eu\/?page_id=271","og_site_name":"OffShoreCompany - Costituzione Societ\u00e0 Estere","article_publisher":"https:\/\/www.facebook.com\/Oscoffshorecompanyllp\/","article_modified_time":"2018-07-02T10:35:30+00:00","twitter_card":"summary_large_image","twitter_misc":{"Tempo di lettura stimato":"4 minuti"},"schema":{"@context":"https:\/\/schema.org","@graph":[{"@type":"WebPage","@id":"https:\/\/oneoffshorecompany.eu\/?page_id=271","url":"https:\/\/oneoffshorecompany.eu\/?page_id=271","name":"Ingegneria Fiscale Due Punto Zero - OffShoreCompany LLP","isPartOf":{"@id":"https:\/\/oneoffshorecompany.eu\/#website"},"datePublished":"2018-04-12T22:40:18+00:00","dateModified":"2018-07-02T10:35:30+00:00","description":"L\u2019EBOOK Ingegneria Fiscale Due Punto Zero \u00e8 una vera e propria guida, \u00e8 un buon passo per passare dal guardare, spettatori, ad essere protagonisti.","breadcrumb":{"@id":"https:\/\/oneoffshorecompany.eu\/?page_id=271#breadcrumb"},"inLanguage":"it-IT","potentialAction":[{"@type":"ReadAction","target":["https:\/\/oneoffshorecompany.eu\/?page_id=271"]}]},{"@type":"BreadcrumbList","@id":"https:\/\/oneoffshorecompany.eu\/?page_id=271#breadcrumb","itemListElement":[{"@type":"ListItem","position":1,"name":"Home","item":"https:\/\/oneoffshorecompany.eu\/"},{"@type":"ListItem","position":2,"name":"GUIDA"}]},{"@type":"WebSite","@id":"https:\/\/oneoffshorecompany.eu\/#website","url":"https:\/\/oneoffshorecompany.eu\/","name":"OffShoreCompany LLP - Costituzione Societ\u00e0 Estere e Trust","description":"Pagare Meno Tasse \u00e8 possibile!","publisher":{"@id":"https:\/\/oneoffshorecompany.eu\/#organization"},"potentialAction":[{"@type":"SearchAction","target":{"@type":"EntryPoint","urlTemplate":"https:\/\/oneoffshorecompany.eu\/?s={search_term_string}"},"query-input":{"@type":"PropertyValueSpecification","valueRequired":true,"valueName":"search_term_string"}}],"inLanguage":"it-IT"},{"@type":"Organization","@id":"https:\/\/oneoffshorecompany.eu\/#organization","name":"O.S.C. OffShoreCompany LLP","url":"https:\/\/oneoffshorecompany.eu\/","logo":{"@type":"ImageObject","inLanguage":"it-IT","@id":"https:\/\/oneoffshorecompany.eu\/#\/schema\/logo\/image\/","url":"https:\/\/oneoffshorecompany.eu\/wp-content\/uploads\/2018\/05\/logotipo_OSC.png","contentUrl":"https:\/\/oneoffshorecompany.eu\/wp-content\/uploads\/2018\/05\/logotipo_OSC.png","width":402,"height":52,"caption":"O.S.C. OffShoreCompany LLP"},"image":{"@id":"https:\/\/oneoffshorecompany.eu\/#\/schema\/logo\/image\/"},"sameAs":["https:\/\/www.facebook.com\/Oscoffshorecompanyllp\/","https:\/\/www.instagram.com\/offshorecompanyllp\/","https:\/\/www.linkedin.com\/in\/osc-offshorecompanyllp\/","https:\/\/www.youtube.com\/channel\/UCCUh5HyhZ-Ehy3J5mOAIi1w"]}]}},"_links":{"self":[{"href":"https:\/\/oneoffshorecompany.eu\/index.php?rest_route=\/wp\/v2\/pages\/271","targetHints":{"allow":["GET"]}}],"collection":[{"href":"https:\/\/oneoffshorecompany.eu\/index.php?rest_route=\/wp\/v2\/pages"}],"about":[{"href":"https:\/\/oneoffshorecompany.eu\/index.php?rest_route=\/wp\/v2\/types\/page"}],"author":[{"embeddable":true,"href":"https:\/\/oneoffshorecompany.eu\/index.php?rest_route=\/wp\/v2\/users\/1"}],"replies":[{"embeddable":true,"href":"https:\/\/oneoffshorecompany.eu\/index.php?rest_route=%2Fwp%2Fv2%2Fcomments&post=271"}],"version-history":[{"count":24,"href":"https:\/\/oneoffshorecompany.eu\/index.php?rest_route=\/wp\/v2\/pages\/271\/revisions"}],"predecessor-version":[{"id":817,"href":"https:\/\/oneoffshorecompany.eu\/index.php?rest_route=\/wp\/v2\/pages\/271\/revisions\/817"}],"wp:attachment":[{"href":"https:\/\/oneoffshorecompany.eu\/index.php?rest_route=%2Fwp%2Fv2%2Fmedia&parent=271"}],"curies":[{"name":"wp","href":"https:\/\/api.w.org\/{rel}","templated":true}]}}