{"id":264,"date":"2018-04-13T00:05:20","date_gmt":"2018-04-12T22:05:20","guid":{"rendered":"https:\/\/oneoffshorecompany.eu\/?page_id=264"},"modified":"2024-03-10T01:50:37","modified_gmt":"2024-03-10T00:50:37","slug":"consulenza-aziendale-tax-planning","status":"publish","type":"page","link":"https:\/\/oneoffshorecompany.eu\/?page_id=264","title":{"rendered":"Consulenza Aziendale"},"content":{"rendered":"<p>[et_pb_section fb_built=&#8221;1&#8243; _builder_version=&#8221;4.16&#8243; global_colors_info=&#8221;{}&#8221;][et_pb_row column_structure=&#8221;1_3,2_3&#8243; _builder_version=&#8221;4.16&#8243; global_colors_info=&#8221;{}&#8221;][et_pb_column type=&#8221;1_3&#8243; _builder_version=&#8221;4.16&#8243; custom_padding=&#8221;|||&#8221; global_colors_info=&#8221;{}&#8221; custom_padding__hover=&#8221;|||&#8221;][et_pb_image src=&#8221;https:\/\/oneoffshorecompany.eu\/wp-content\/uploads\/2018\/04\/taxplaning.jpg&#8221; align_tablet=&#8221;center&#8221; align_phone=&#8221;&#8221; align_last_edited=&#8221;on|desktop&#8221; _builder_version=&#8221;4.16&#8243; global_colors_info=&#8221;{}&#8221;][\/et_pb_image][\/et_pb_column][et_pb_column type=&#8221;2_3&#8243; _builder_version=&#8221;4.16&#8243; custom_padding=&#8221;|||&#8221; global_colors_info=&#8221;{}&#8221; custom_padding__hover=&#8221;|||&#8221;][et_pb_toggle title=&#8221;TAX PlaNning&#8221; open=&#8221;on&#8221; _builder_version=&#8221;4.16&#8243; title_text_color=&#8221;#000000&#8243; title_font=&#8221;|700||on|||||&#8221; body_font=&#8221;||||||||&#8221; background_color=&#8221;rgba(0,98,237,0.52)&#8221; use_background_color_gradient=&#8221;on&#8221; background_color_gradient_stops=&#8221;#ffffff 0%|rgba(0,193,193,0.04) 100%&#8221; background_color_gradient_start=&#8221;#ffffff&#8221; background_color_gradient_end=&#8221;rgba(0,193,193,0.04)&#8221; border_color_all=&#8221;#000000&#8243; box_shadow_style=&#8221;preset2&#8243; global_colors_info=&#8221;{}&#8221;]<\/p>\n<p style=\"text-align: justify;\"><span style=\"color: #000000;\">La materia fiscale \u00e8 alquanto complessa e molto delicata. A fronte della quindicinale esperienza in campo fiscale internazionale, OSC \u00e8 volta a un attivit\u00e0 di divulgazione delle tecniche di &#8220;Ingegneria Fiscale&#8221; che il grande pubblico pensa essere riservato alle multinazionali e alle grandi aziende. Per questa ragione sono stati strutturati dei Kit di consulenza.\u00a0<\/span><\/p>\n<p>[\/et_pb_toggle][et_pb_toggle title=&#8221;COME LAVORIAMO&#8221; _builder_version=&#8221;4.16&#8243; title_text_color=&#8221;#000000&#8243; title_font=&#8221;|700||on|||||&#8221; body_font=&#8221;||||||||&#8221; background_color=&#8221;rgba(0,98,237,0.52)&#8221; use_background_color_gradient=&#8221;on&#8221; background_color_gradient_stops=&#8221;#ffffff 0%|rgba(0,193,193,0.04) 100%&#8221; background_color_gradient_start=&#8221;#ffffff&#8221; background_color_gradient_end=&#8221;rgba(0,193,193,0.04)&#8221; border_color_all=&#8221;#000000&#8243; box_shadow_style=&#8221;preset2&#8243; global_colors_info=&#8221;{}&#8221;]<\/p>\n<p><span style=\"color: #000000;\"> Partendo dalle Vostre specifiche attivit\u00e0 ascoltiamo le Vostre esigenze, peculiarit\u00e0 e\u00a0 costruiamo un percorso che rispetti le Vostre concrete esigenze.\u00a0Nel rispetto delle normatice cerchiamo la Vostra massima soddisfazione fornendovi soluzioni precostituite o creandone di originali. <\/span><\/p>\n<p>[\/et_pb_toggle][et_pb_toggle title=&#8221;Rispetto delle normative&#8221; _builder_version=&#8221;4.16&#8243; title_text_color=&#8221;#000000&#8243; title_font=&#8221;|700||on|||||&#8221; body_font=&#8221;||||||||&#8221; body_text_color=&#8221;#000000&#8243; background_color=&#8221;rgba(0,98,237,0.52)&#8221; use_background_color_gradient=&#8221;on&#8221; background_color_gradient_stops=&#8221;#ffffff 0%|rgba(0,193,193,0.04) 100%&#8221; background_color_gradient_start=&#8221;#ffffff&#8221; background_color_gradient_end=&#8221;rgba(0,193,193,0.04)&#8221; border_color_all=&#8221;#000000&#8243; box_shadow_style=&#8221;preset2&#8243; global_colors_info=&#8221;{}&#8221;]<\/p>\n<p>ll rispetto delle normative fiscali \u00e8 imperativo per il nostro team. E&#8217; un lavoro complesso per renderlo fruibile con semplicit\u00e0. Questo perch\u00e9 deve armonizzare le normative dei paesi ospitanti con quelle della fiscalit\u00e0 italiana. Siamo molto attenti alle novit\u00e0 e sfruttiamo ogni norma esistente al fine di ridurre il cuneo fiscale del cliente.<\/p>\n<p>[\/et_pb_toggle][et_pb_toggle title=&#8221;Elevata professionalita&#8217;&#8221; _builder_version=&#8221;4.16&#8243; title_text_color=&#8221;#000000&#8243; title_font=&#8221;|700||on|||||&#8221; body_font=&#8221;||||||||&#8221; background_color=&#8221;rgba(0,98,237,0.52)&#8221; use_background_color_gradient=&#8221;on&#8221; background_color_gradient_stops=&#8221;#ffffff 0%|rgba(0,193,193,0.04) 100%&#8221; background_color_gradient_start=&#8221;#ffffff&#8221; background_color_gradient_end=&#8221;rgba(0,193,193,0.04)&#8221; border_color_all=&#8221;#000000&#8243; box_shadow_style=&#8221;preset2&#8243; global_colors_info=&#8221;{}&#8221;]<\/p>\n<p><span style=\"color: #000000;\">Tutto quanto espresso qui sopra delinea la nostra missione.<\/span> <span style=\"color: #000000;\">Per assolvere a questi lavori e al modo di svolgerli che ci siamo imposti,\u00a0 una professionalit\u00e0 approfondita sulle specifiche azioni ed amplia sulle differenti aree di intervento.<\/span><\/p>\n<p>[\/et_pb_toggle][\/et_pb_column][\/et_pb_row][et_pb_row _builder_version=&#8221;4.16&#8243; global_colors_info=&#8221;{}&#8221;][et_pb_column type=&#8221;4_4&#8243; _builder_version=&#8221;4.16&#8243; custom_padding=&#8221;|||&#8221; global_colors_info=&#8221;{}&#8221; custom_padding__hover=&#8221;|||&#8221;][et_pb_text _builder_version=&#8221;4.16&#8243; text_font=&#8221;||||||||&#8221; text_text_color=&#8221;#000000&#8243; text_font_size=&#8221;20px&#8221; text_letter_spacing=&#8221;8px&#8221; global_colors_info=&#8221;{}&#8221;]<\/p>\n<p style=\"text-align: center;\"><strong>LE NOSTRE SOLUZIONI<\/strong><\/p>\n<p>[\/et_pb_text][\/et_pb_column][\/et_pb_row][et_pb_row _builder_version=&#8221;4.16&#8243; global_colors_info=&#8221;{}&#8221;][et_pb_column type=&#8221;4_4&#8243; _builder_version=&#8221;4.16&#8243; custom_padding=&#8221;|||&#8221; global_colors_info=&#8221;{}&#8221; custom_padding__hover=&#8221;|||&#8221;][et_pb_code _builder_version=&#8221;4.24.2&#8243; _module_preset=&#8221;default&#8221; hover_enabled=&#8221;0&#8243; sticky_enabled=&#8221;0&#8243;]<!-- Calendly inline widget begin --><!-- [et_pb_line_break_holder] --><\/p>\n<div class=\"calendly-inline-widget\" data-url=\"https:\/\/calendly.com\/offshorecompany\/30min\" style=\"min-width:320px;height:700px;\"><\/div>\n<p><!-- [et_pb_line_break_holder] --><script type=\"text\/javascript\" src=\"https:\/\/assets.calendly.com\/assets\/external\/widget.js\" async><\/script><!-- [et_pb_line_break_holder] --><!-- Calendly inline widget end -->[\/et_pb_code][\/et_pb_column][\/et_pb_row][et_pb_row _builder_version=&#8221;4.16&#8243; global_colors_info=&#8221;{}&#8221;][et_pb_column type=&#8221;4_4&#8243; _builder_version=&#8221;4.16&#8243; custom_padding=&#8221;|||&#8221; global_colors_info=&#8221;{}&#8221; custom_padding__hover=&#8221;|||&#8221;][et_pb_testimonial author=&#8221;R.Gasparetti&#8221; job_title=&#8221;Consulente Comunicazione &#8221; portrait_url=&#8221;data:image\/svg+xml;base64,PHN2ZyB3aWR0aD0iNTAwIiBoZWlnaHQ9IjUwMCIgdmlld0JveD0iMCAwIDUwMCA1MDAiIHhtbG5zPSJodHRwOi8vd3d3LnczLm9yZy8yMDAwL3N2ZyI+CiAgICA8ZyBmaWxsPSJub25lIiBmaWxsLXJ1bGU9ImV2ZW5vZGQiPgogICAgICAgIDxwYXRoIGZpbGw9IiNFQkVCRUIiIGQ9Ik0wIDBoNTAwdjUwMEgweiIvPgogICAgICAgIDxyZWN0IGZpbGwtb3BhY2l0eT0iLjEiIGZpbGw9IiMwMDAiIHg9IjY4IiB5PSIzMDUiIHdpZHRoPSIzNjQiIGhlaWdodD0iNTY4IiByeD0iMTgyIi8+CiAgICAgICAgPGNpcmNsZSBmaWxsLW9wYWNpdHk9Ii4xIiBmaWxsPSIjMDAwIiBjeD0iMjQ5IiBjeT0iMTcyIiByPSIxMDAiLz4KICAgIDwvZz4KPC9zdmc+Cg==&#8221; _builder_version=&#8221;4.16&#8243; global_colors_info=&#8221;{}&#8221;]Grazie alla consulenza del team di OffShoreCompany ho appreso i rudimenti delle tecniche di &#8220;Ingegneria Fiscale&#8221;. Grazie al documento rilasciatomi al termine dell&#8217;attivit\u00e0 , ho deciso di intraprendere la mia attivit\u00e0 utilizzando un altra fiscalit\u00e0.<br \/>\n[\/et_pb_testimonial][et_pb_testimonial author=&#8221;Anonimo&#8221; job_title=&#8221;Ingegnere Edile&#8221; portrait_url=&#8221;data:image\/svg+xml;base64,PHN2ZyB3aWR0aD0iNTAwIiBoZWlnaHQ9IjUwMCIgdmlld0JveD0iMCAwIDUwMCA1MDAiIHhtbG5zPSJodHRwOi8vd3d3LnczLm9yZy8yMDAwL3N2ZyI+CiAgICA8ZyBmaWxsPSJub25lIiBmaWxsLXJ1bGU9ImV2ZW5vZGQiPgogICAgICAgIDxwYXRoIGZpbGw9IiNFQkVCRUIiIGQ9Ik0wIDBoNTAwdjUwMEgweiIvPgogICAgICAgIDxyZWN0IGZpbGwtb3BhY2l0eT0iLjEiIGZpbGw9IiMwMDAiIHg9IjY4IiB5PSIzMDUiIHdpZHRoPSIzNjQiIGhlaWdodD0iNTY4IiByeD0iMTgyIi8+CiAgICAgICAgPGNpcmNsZSBmaWxsLW9wYWNpdHk9Ii4xIiBmaWxsPSIjMDAwIiBjeD0iMjQ5IiBjeT0iMTcyIiByPSIxMDAiLz4KICAgIDwvZz4KPC9zdmc+Cg==&#8221; _builder_version=&#8221;4.16&#8243; global_colors_info=&#8221;{}&#8221;]Non conoscevo queste tecniche. E&#8217; stato illuminante poter ascoltare delle soluzioni innovative, legali, per poter operare con i miei clienti storici anche ora che sono in pensione. Grazie Team di OffShoreCompany.<br \/>\n[\/et_pb_testimonial][et_pb_testimonial author=&#8221;Andrei &#8211; Romania&#8221; job_title=&#8221;Trasporti Internazionali&#8221; portrait_url=&#8221;data:image\/svg+xml;base64,PHN2ZyB3aWR0aD0iNTAwIiBoZWlnaHQ9IjUwMCIgdmlld0JveD0iMCAwIDUwMCA1MDAiIHhtbG5zPSJodHRwOi8vd3d3LnczLm9yZy8yMDAwL3N2ZyI+CiAgICA8ZyBmaWxsPSJub25lIiBmaWxsLXJ1bGU9ImV2ZW5vZGQiPgogICAgICAgIDxwYXRoIGZpbGw9IiNFQkVCRUIiIGQ9Ik0wIDBoNTAwdjUwMEgweiIvPgogICAgICAgIDxyZWN0IGZpbGwtb3BhY2l0eT0iLjEiIGZpbGw9IiMwMDAiIHg9IjY4IiB5PSIzMDUiIHdpZHRoPSIzNjQiIGhlaWdodD0iNTY4IiByeD0iMTgyIi8+CiAgICAgICAgPGNpcmNsZSBmaWxsLW9wYWNpdHk9Ii4xIiBmaWxsPSIjMDAwIiBjeD0iMjQ5IiBjeT0iMTcyIiByPSIxMDAiLz4KICAgIDwvZz4KPC9zdmc+Cg==&#8221; _builder_version=&#8221;4.16&#8243; global_colors_info=&#8221;{}&#8221;]Ho chiesto una consulenza per conoscere i rapporti tra fiscalit\u00e0 Italiana e della Romania. Sono rimasto stupito della rapidit\u00e0 della soluzione a quello che che consideravo una problematica molto complessa.<br \/>\n[\/et_pb_testimonial][et_pb_testimonial author=&#8221;Andrea Scarso&#8221; job_title=&#8221;Architetto&#8221; portrait_url=&#8221;data:image\/svg+xml;base64,PHN2ZyB3aWR0aD0iNTAwIiBoZWlnaHQ9IjUwMCIgdmlld0JveD0iMCAwIDUwMCA1MDAiIHhtbG5zPSJodHRwOi8vd3d3LnczLm9yZy8yMDAwL3N2ZyI+CiAgICA8ZyBmaWxsPSJub25lIiBmaWxsLXJ1bGU9ImV2ZW5vZGQiPgogICAgICAgIDxwYXRoIGZpbGw9IiNFQkVCRUIiIGQ9Ik0wIDBoNTAwdjUwMEgweiIvPgogICAgICAgIDxyZWN0IGZpbGwtb3BhY2l0eT0iLjEiIGZpbGw9IiMwMDAiIHg9IjY4IiB5PSIzMDUiIHdpZHRoPSIzNjQiIGhlaWdodD0iNTY4IiByeD0iMTgyIi8+CiAgICAgICAgPGNpcmNsZSBmaWxsLW9wYWNpdHk9Ii4xIiBmaWxsPSIjMDAwIiBjeD0iMjQ5IiBjeT0iMTcyIiByPSIxMDAiLz4KICAgIDwvZz4KPC9zdmc+Cg==&#8221; _builder_version=&#8221;4.16&#8243; global_colors_info=&#8221;{}&#8221;]Dopo la consulenza ho capito che finora ho sempre pagato per mera ignoranza. Ora posso differenziare il io carico fiscale ed essere perfettamente nei limiti di legge.<br \/>\n[\/et_pb_testimonial][et_pb_testimonial author=&#8221;Enrico Turco&#8221; job_title=&#8221;Amministratore Delegato&#8221; portrait_url=&#8221;data:image\/svg+xml;base64,PHN2ZyB3aWR0aD0iNTAwIiBoZWlnaHQ9IjUwMCIgdmlld0JveD0iMCAwIDUwMCA1MDAiIHhtbG5zPSJodHRwOi8vd3d3LnczLm9yZy8yMDAwL3N2ZyI+CiAgICA8ZyBmaWxsPSJub25lIiBmaWxsLXJ1bGU9ImV2ZW5vZGQiPgogICAgICAgIDxwYXRoIGZpbGw9IiNFQkVCRUIiIGQ9Ik0wIDBoNTAwdjUwMEgweiIvPgogICAgICAgIDxyZWN0IGZpbGwtb3BhY2l0eT0iLjEiIGZpbGw9IiMwMDAiIHg9IjY4IiB5PSIzMDUiIHdpZHRoPSIzNjQiIGhlaWdodD0iNTY4IiByeD0iMTgyIi8+CiAgICAgICAgPGNpcmNsZSBmaWxsLW9wYWNpdHk9Ii4xIiBmaWxsPSIjMDAwIiBjeD0iMjQ5IiBjeT0iMTcyIiByPSIxMDAiLz4KICAgIDwvZz4KPC9zdmc+Cg==&#8221; _builder_version=&#8221;4.16&#8243; global_colors_info=&#8221;{}&#8221;]Siamo rimasti stupiti dalla competenza e dalla semplicit\u00e0 con cui argomenti molto complessi ci sono stati semplificati nell&#8217;esposizione. Abbiamo cos\u00ec realizzato una holding proprietaria delle azioni della societ\u00e0.<br \/>\n[\/et_pb_testimonial][\/et_pb_column][\/et_pb_row][\/et_pb_section]<\/p>\n","protected":false},"excerpt":{"rendered":"<p>La materia fiscale \u00e8 alquanto complessa e molto delicata. A fronte della quindicinale esperienza in campo fiscale internazionale, OSC \u00e8 volta a un attivit\u00e0 di divulgazione delle tecniche di &#8220;Ingegneria Fiscale&#8221; che il grande pubblico pensa essere riservato alle multinazionali e alle grandi aziende. Per questa ragione sono stati strutturati dei Kit di consulenza.\u00a0 Partendo [&hellip;]<\/p>\n","protected":false},"author":1,"featured_media":0,"parent":0,"menu_order":0,"comment_status":"closed","ping_status":"closed","template":"","meta":{"_et_pb_use_builder":"on","_et_pb_old_content":"","_et_gb_content_width":"","footnotes":""},"class_list":["post-264","page","type-page","status-publish","hentry"],"yoast_head":"<!-- This site is optimized with the Yoast SEO plugin v23.6 - https:\/\/yoast.com\/wordpress\/plugins\/seo\/ -->\n<title>Consulenza Aziendale - Tax Planning - Offshore Company LLP<\/title>\n<meta name=\"description\" content=\"TAX Planning e consulenza aziendale. OffShore Company LLP si occupa di promuovere le tecniche di Ingegneria Fiscale per il grande pubblico.\" \/>\n<meta name=\"robots\" content=\"index, follow, max-snippet:-1, max-image-preview:large, max-video-preview:-1\" \/>\n<link rel=\"canonical\" href=\"https:\/\/oneoffshorecompany.eu\/?page_id=264\" \/>\n<meta property=\"og:locale\" content=\"it_IT\" \/>\n<meta property=\"og:type\" content=\"article\" \/>\n<meta property=\"og:title\" content=\"Consulenza Aziendale - Tax Planning - Offshore Company LLP\" \/>\n<meta property=\"og:description\" content=\"TAX Planning e consulenza aziendale. OffShore Company LLP si occupa di promuovere le tecniche di Ingegneria Fiscale per il grande pubblico.\" \/>\n<meta property=\"og:url\" content=\"https:\/\/oneoffshorecompany.eu\/?page_id=264\" \/>\n<meta property=\"og:site_name\" content=\"OffShoreCompany - Costituzione Societ\u00e0 Estere\" \/>\n<meta property=\"article:publisher\" content=\"https:\/\/www.facebook.com\/Oscoffshorecompanyllp\/\" \/>\n<meta property=\"article:modified_time\" content=\"2024-03-10T00:50:37+00:00\" \/>\n<meta name=\"twitter:card\" content=\"summary_large_image\" \/>\n<meta name=\"twitter:label1\" content=\"Tempo di lettura stimato\" \/>\n\t<meta name=\"twitter:data1\" content=\"6 minuti\" \/>\n<script type=\"application\/ld+json\" class=\"yoast-schema-graph\">{\"@context\":\"https:\/\/schema.org\",\"@graph\":[{\"@type\":\"WebPage\",\"@id\":\"https:\/\/oneoffshorecompany.eu\/?page_id=264\",\"url\":\"https:\/\/oneoffshorecompany.eu\/?page_id=264\",\"name\":\"Consulenza Aziendale - Tax Planning - Offshore Company LLP\",\"isPartOf\":{\"@id\":\"https:\/\/oneoffshorecompany.eu\/#website\"},\"datePublished\":\"2018-04-12T22:05:20+00:00\",\"dateModified\":\"2024-03-10T00:50:37+00:00\",\"description\":\"TAX Planning e consulenza aziendale. OffShore Company LLP si occupa di promuovere le tecniche di Ingegneria Fiscale per il grande pubblico.\",\"breadcrumb\":{\"@id\":\"https:\/\/oneoffshorecompany.eu\/?page_id=264#breadcrumb\"},\"inLanguage\":\"it-IT\",\"potentialAction\":[{\"@type\":\"ReadAction\",\"target\":[\"https:\/\/oneoffshorecompany.eu\/?page_id=264\"]}]},{\"@type\":\"BreadcrumbList\",\"@id\":\"https:\/\/oneoffshorecompany.eu\/?page_id=264#breadcrumb\",\"itemListElement\":[{\"@type\":\"ListItem\",\"position\":1,\"name\":\"Home\",\"item\":\"https:\/\/oneoffshorecompany.eu\/\"},{\"@type\":\"ListItem\",\"position\":2,\"name\":\"Consulenza Aziendale\"}]},{\"@type\":\"WebSite\",\"@id\":\"https:\/\/oneoffshorecompany.eu\/#website\",\"url\":\"https:\/\/oneoffshorecompany.eu\/\",\"name\":\"OffShoreCompany LLP - Costituzione Societ\u00e0 Estere e Trust\",\"description\":\"Pagare Meno Tasse \u00e8 possibile!\",\"publisher\":{\"@id\":\"https:\/\/oneoffshorecompany.eu\/#organization\"},\"potentialAction\":[{\"@type\":\"SearchAction\",\"target\":{\"@type\":\"EntryPoint\",\"urlTemplate\":\"https:\/\/oneoffshorecompany.eu\/?s={search_term_string}\"},\"query-input\":{\"@type\":\"PropertyValueSpecification\",\"valueRequired\":true,\"valueName\":\"search_term_string\"}}],\"inLanguage\":\"it-IT\"},{\"@type\":\"Organization\",\"@id\":\"https:\/\/oneoffshorecompany.eu\/#organization\",\"name\":\"O.S.C. OffShoreCompany LLP\",\"url\":\"https:\/\/oneoffshorecompany.eu\/\",\"logo\":{\"@type\":\"ImageObject\",\"inLanguage\":\"it-IT\",\"@id\":\"https:\/\/oneoffshorecompany.eu\/#\/schema\/logo\/image\/\",\"url\":\"https:\/\/oneoffshorecompany.eu\/wp-content\/uploads\/2018\/05\/logotipo_OSC.png\",\"contentUrl\":\"https:\/\/oneoffshorecompany.eu\/wp-content\/uploads\/2018\/05\/logotipo_OSC.png\",\"width\":402,\"height\":52,\"caption\":\"O.S.C. OffShoreCompany LLP\"},\"image\":{\"@id\":\"https:\/\/oneoffshorecompany.eu\/#\/schema\/logo\/image\/\"},\"sameAs\":[\"https:\/\/www.facebook.com\/Oscoffshorecompanyllp\/\",\"https:\/\/www.instagram.com\/offshorecompanyllp\/\",\"https:\/\/www.linkedin.com\/in\/osc-offshorecompanyllp\/\",\"https:\/\/www.youtube.com\/channel\/UCCUh5HyhZ-Ehy3J5mOAIi1w\"]}]}<\/script>\n<!-- \/ Yoast SEO plugin. -->","yoast_head_json":{"title":"Consulenza Aziendale - Tax Planning - Offshore Company LLP","description":"TAX Planning e consulenza aziendale. OffShore Company LLP si occupa di promuovere le tecniche di Ingegneria Fiscale per il grande pubblico.","robots":{"index":"index","follow":"follow","max-snippet":"max-snippet:-1","max-image-preview":"max-image-preview:large","max-video-preview":"max-video-preview:-1"},"canonical":"https:\/\/oneoffshorecompany.eu\/?page_id=264","og_locale":"it_IT","og_type":"article","og_title":"Consulenza Aziendale - Tax Planning - Offshore Company LLP","og_description":"TAX Planning e consulenza aziendale. OffShore Company LLP si occupa di promuovere le tecniche di Ingegneria Fiscale per il grande pubblico.","og_url":"https:\/\/oneoffshorecompany.eu\/?page_id=264","og_site_name":"OffShoreCompany - Costituzione Societ\u00e0 Estere","article_publisher":"https:\/\/www.facebook.com\/Oscoffshorecompanyllp\/","article_modified_time":"2024-03-10T00:50:37+00:00","twitter_card":"summary_large_image","twitter_misc":{"Tempo di lettura stimato":"6 minuti"},"schema":{"@context":"https:\/\/schema.org","@graph":[{"@type":"WebPage","@id":"https:\/\/oneoffshorecompany.eu\/?page_id=264","url":"https:\/\/oneoffshorecompany.eu\/?page_id=264","name":"Consulenza Aziendale - Tax Planning - Offshore Company LLP","isPartOf":{"@id":"https:\/\/oneoffshorecompany.eu\/#website"},"datePublished":"2018-04-12T22:05:20+00:00","dateModified":"2024-03-10T00:50:37+00:00","description":"TAX Planning e consulenza aziendale. OffShore Company LLP si occupa di promuovere le tecniche di Ingegneria Fiscale per il grande pubblico.","breadcrumb":{"@id":"https:\/\/oneoffshorecompany.eu\/?page_id=264#breadcrumb"},"inLanguage":"it-IT","potentialAction":[{"@type":"ReadAction","target":["https:\/\/oneoffshorecompany.eu\/?page_id=264"]}]},{"@type":"BreadcrumbList","@id":"https:\/\/oneoffshorecompany.eu\/?page_id=264#breadcrumb","itemListElement":[{"@type":"ListItem","position":1,"name":"Home","item":"https:\/\/oneoffshorecompany.eu\/"},{"@type":"ListItem","position":2,"name":"Consulenza Aziendale"}]},{"@type":"WebSite","@id":"https:\/\/oneoffshorecompany.eu\/#website","url":"https:\/\/oneoffshorecompany.eu\/","name":"OffShoreCompany LLP - Costituzione Societ\u00e0 Estere e Trust","description":"Pagare Meno Tasse \u00e8 possibile!","publisher":{"@id":"https:\/\/oneoffshorecompany.eu\/#organization"},"potentialAction":[{"@type":"SearchAction","target":{"@type":"EntryPoint","urlTemplate":"https:\/\/oneoffshorecompany.eu\/?s={search_term_string}"},"query-input":{"@type":"PropertyValueSpecification","valueRequired":true,"valueName":"search_term_string"}}],"inLanguage":"it-IT"},{"@type":"Organization","@id":"https:\/\/oneoffshorecompany.eu\/#organization","name":"O.S.C. OffShoreCompany LLP","url":"https:\/\/oneoffshorecompany.eu\/","logo":{"@type":"ImageObject","inLanguage":"it-IT","@id":"https:\/\/oneoffshorecompany.eu\/#\/schema\/logo\/image\/","url":"https:\/\/oneoffshorecompany.eu\/wp-content\/uploads\/2018\/05\/logotipo_OSC.png","contentUrl":"https:\/\/oneoffshorecompany.eu\/wp-content\/uploads\/2018\/05\/logotipo_OSC.png","width":402,"height":52,"caption":"O.S.C. OffShoreCompany LLP"},"image":{"@id":"https:\/\/oneoffshorecompany.eu\/#\/schema\/logo\/image\/"},"sameAs":["https:\/\/www.facebook.com\/Oscoffshorecompanyllp\/","https:\/\/www.instagram.com\/offshorecompanyllp\/","https:\/\/www.linkedin.com\/in\/osc-offshorecompanyllp\/","https:\/\/www.youtube.com\/channel\/UCCUh5HyhZ-Ehy3J5mOAIi1w"]}]}},"_links":{"self":[{"href":"https:\/\/oneoffshorecompany.eu\/index.php?rest_route=\/wp\/v2\/pages\/264","targetHints":{"allow":["GET"]}}],"collection":[{"href":"https:\/\/oneoffshorecompany.eu\/index.php?rest_route=\/wp\/v2\/pages"}],"about":[{"href":"https:\/\/oneoffshorecompany.eu\/index.php?rest_route=\/wp\/v2\/types\/page"}],"author":[{"embeddable":true,"href":"https:\/\/oneoffshorecompany.eu\/index.php?rest_route=\/wp\/v2\/users\/1"}],"replies":[{"embeddable":true,"href":"https:\/\/oneoffshorecompany.eu\/index.php?rest_route=%2Fwp%2Fv2%2Fcomments&post=264"}],"version-history":[{"count":30,"href":"https:\/\/oneoffshorecompany.eu\/index.php?rest_route=\/wp\/v2\/pages\/264\/revisions"}],"predecessor-version":[{"id":2956,"href":"https:\/\/oneoffshorecompany.eu\/index.php?rest_route=\/wp\/v2\/pages\/264\/revisions\/2956"}],"wp:attachment":[{"href":"https:\/\/oneoffshorecompany.eu\/index.php?rest_route=%2Fwp%2Fv2%2Fmedia&parent=264"}],"curies":[{"name":"wp","href":"https:\/\/api.w.org\/{rel}","templated":true}]}}