{"id":216,"date":"2017-12-18T00:13:11","date_gmt":"2017-12-17T23:13:11","guid":{"rendered":"https:\/\/oneoffshorecompany.eu\/?page_id=216"},"modified":"2024-03-10T01:34:11","modified_gmt":"2024-03-10T00:34:11","slug":"profilo-aziendale-2","status":"publish","type":"page","link":"https:\/\/oneoffshorecompany.eu\/","title":{"rendered":"Profilo Aziendale"},"content":{"rendered":"<p>[et_pb_section fb_built=&#8221;1&#8243; _builder_version=&#8221;4.16&#8243; background_image=&#8221;https:\/\/oneoffshorecompany.eu\/wp-content\/uploads\/2018\/05\/Progetto-senza-titolo.jpg&#8221; background_position=&#8221;top_left&#8221; global_colors_info=&#8221;{}&#8221;][et_pb_row column_structure=&#8221;1_3,2_3&#8243; _builder_version=&#8221;4.16&#8243; global_colors_info=&#8221;{}&#8221;][et_pb_column type=&#8221;1_3&#8243; _builder_version=&#8221;4.16&#8243; custom_padding=&#8221;|||&#8221; global_colors_info=&#8221;{}&#8221; custom_padding__hover=&#8221;|||&#8221;][et_pb_image src=&#8221;https:\/\/oneoffshorecompany.eu\/wp-content\/uploads\/2019\/11\/iStock-994118980.jpg&#8221; _builder_version=&#8221;4.16&#8243; global_colors_info=&#8221;{}&#8221;][\/et_pb_image][\/et_pb_column][et_pb_column type=&#8221;2_3&#8243; _builder_version=&#8221;4.16&#8243; custom_padding=&#8221;|||&#8221; global_colors_info=&#8221;{}&#8221; custom_padding__hover=&#8221;|||&#8221;][et_pb_toggle title=&#8221;COS&#8217;E&#8217; OFFSHORE COMPANY&#8221; open=&#8221;on&#8221; _builder_version=&#8221;4.16&#8243; title_text_color=&#8221;#000000&#8243; title_font=&#8221;|700||on|||||&#8221; body_font=&#8221;||||||||&#8221; background_color=&#8221;rgba(0,98,237,0.52)&#8221; use_background_color_gradient=&#8221;on&#8221; background_color_gradient_stops=&#8221;#ffffff 0%|rgba(0,193,193,0.04) 100%&#8221; background_color_gradient_start=&#8221;#ffffff&#8221; background_color_gradient_end=&#8221;rgba(0,193,193,0.04)&#8221; border_color_all=&#8221;#000000&#8243; box_shadow_style=&#8221;preset2&#8243; global_colors_info=&#8221;{}&#8221;]<\/p>\n<p style=\"text-align: justify;\"><span style=\"color: #000000;\">E&#8217; una societ\u00e0 di consulenza internazionale che vi accompagna in un percorso collaudato per pagare meno tasse rispettando le normative vigenti nei differenti paesi.<\/span><\/p>\n<p>[\/et_pb_toggle][et_pb_toggle title=&#8221;COME LAVORIAMO&#8221; _builder_version=&#8221;4.16&#8243; title_text_color=&#8221;#000000&#8243; title_font=&#8221;|700||on|||||&#8221; body_font=&#8221;||||||||&#8221; background_color=&#8221;rgba(0,98,237,0.52)&#8221; use_background_color_gradient=&#8221;on&#8221; background_color_gradient_stops=&#8221;#ffffff 0%|rgba(0,193,193,0.04) 100%&#8221; background_color_gradient_start=&#8221;#ffffff&#8221; background_color_gradient_end=&#8221;rgba(0,193,193,0.04)&#8221; border_color_all=&#8221;#000000&#8243; box_shadow_style=&#8221;preset2&#8243; global_colors_info=&#8221;{}&#8221;]<\/p>\n<p><span style=\"color: #000000;\">Partendo dalle Vostre specifiche attivit\u00e0 costruiamo un percorso che rispetti le Vostre concrete esigenze.<\/span><\/p>\n<p><span style=\"color: #000000;\">Lo possiamo fare attingendo dalle nostre soluzioni precostituite o creandone di originali.<\/span><\/p>\n<p><span style=\"color: #000000;\">Forniamo societ\u00e0 estere, conto bancari esteri , Trust Italiani ed esteri da agenti autorizzati e regolati nei seguenti paesi: Belize, Isole Vergini, Regno Unito , Isole Cayman, Cipro, Delaware, Dubai (RAK), Gibilterra, Honk Kong, Malta, Nevis, Panama, Seychelles, San Vincent e Slovenia ed altri ancora. Interveniamo anche in\u00a0 altre giurisdizioni per specifiche esigenze.\u00a0<\/span><\/p>\n<p>[\/et_pb_toggle][et_pb_toggle title=&#8221;Un rapporto delicato&#8221; _builder_version=&#8221;4.16&#8243; title_text_color=&#8221;#000000&#8243; title_font=&#8221;|700||on|||||&#8221; body_font=&#8221;||||||||&#8221; background_color=&#8221;rgba(0,98,237,0.52)&#8221; use_background_color_gradient=&#8221;on&#8221; background_color_gradient_stops=&#8221;#ffffff 0%|rgba(0,193,193,0.04) 100%&#8221; background_color_gradient_start=&#8221;#ffffff&#8221; background_color_gradient_end=&#8221;rgba(0,193,193,0.04)&#8221; border_color_all=&#8221;#000000&#8243; box_shadow_style=&#8221;preset2&#8243; global_colors_info=&#8221;{}&#8221;]<span style=\"color: #000000;\">Operare con i Vostri dati sensibili, richiede un rapporto di reciproca fiducia. Per questo il nostro modo di agire \u00e8 quello di renderVi consapevoli con elementi chiari ad ogni singolo passaggio.<\/span><br \/>\n[\/et_pb_toggle][et_pb_toggle title=&#8221;Rispetto delle normative&#8221; _builder_version=&#8221;4.16&#8243; title_text_color=&#8221;#000000&#8243; title_font=&#8221;|700||on|||||&#8221; body_font=&#8221;||||||||&#8221; body_text_color=&#8221;#000000&#8243; background_color=&#8221;rgba(0,98,237,0.52)&#8221; use_background_color_gradient=&#8221;on&#8221; background_color_gradient_stops=&#8221;#ffffff 0%|rgba(0,193,193,0.04) 100%&#8221; background_color_gradient_start=&#8221;#ffffff&#8221; background_color_gradient_end=&#8221;rgba(0,193,193,0.04)&#8221; border_color_all=&#8221;#000000&#8243; box_shadow_style=&#8221;preset2&#8243; global_colors_info=&#8221;{}&#8221;]Il rispetto delle normative fiscali \u00e8 stato un lavoro complesso per renderlo fruibile con semplicit\u00e0. Questo perch\u00e8 deve armonizzare le normative dei paesi ospitanti con quelle della fiscalit\u00e0 italiana.<br \/>\n[\/et_pb_toggle][et_pb_toggle title=&#8221;Risposte rapide&#8221; _builder_version=&#8221;4.16&#8243; title_text_color=&#8221;#000000&#8243; title_font=&#8221;|700||on|||||&#8221; body_font=&#8221;||||||||&#8221; background_color=&#8221;rgba(0,98,237,0.52)&#8221; use_background_color_gradient=&#8221;on&#8221; background_color_gradient_stops=&#8221;#ffffff 0%|rgba(0,193,193,0.04) 100%&#8221; background_color_gradient_start=&#8221;#ffffff&#8221; background_color_gradient_end=&#8221;rgba(0,193,193,0.04)&#8221; border_color_all=&#8221;#000000&#8243; box_shadow_style=&#8221;preset2&#8243; global_colors_info=&#8221;{}&#8221;]<span style=\"color: #000000;\">Sappiamo quanto sia stressante studiare, prepararci all&#8217;avvio di un progetto per poi dover attendere tempi ingiustificati per risposte che ne bloccano la partenza. Per questo Vi siamo vicini anche con il rispetto dei tempi.<\/span><br \/>\n[\/et_pb_toggle][et_pb_toggle title=&#8221;Riservatezza garantita&#8221; _builder_version=&#8221;4.16&#8243; title_text_color=&#8221;#000000&#8243; title_font=&#8221;|700||on|||||&#8221; body_font=&#8221;||||||||&#8221; background_color=&#8221;rgba(0,98,237,0.52)&#8221; use_background_color_gradient=&#8221;on&#8221; background_color_gradient_stops=&#8221;#ffffff 0%|rgba(0,193,193,0.04) 100%&#8221; background_color_gradient_start=&#8221;#ffffff&#8221; background_color_gradient_end=&#8221;rgba(0,193,193,0.04)&#8221; border_color_all=&#8221;#000000&#8243; box_shadow_style=&#8221;preset2&#8243; global_colors_info=&#8221;{}&#8221;]<span style=\"color: #000000;\">Sembra scontato ma non lo \u00e8! Lavorando insieme avremo molti vostri dati sensibili. Ed \u00e8 per questo che non sono sui nostri sistemi gestionali ma sono resi criptati e nascosti in altri portali non rintracciabili.<\/span><br \/>\n[\/et_pb_toggle][et_pb_toggle title=&#8221;Elevata professionalita&#8217;&#8221; _builder_version=&#8221;4.16&#8243; title_text_color=&#8221;#000000&#8243; title_font=&#8221;|700||on|||||&#8221; body_font=&#8221;||||||||&#8221; background_color=&#8221;rgba(0,98,237,0.52)&#8221; use_background_color_gradient=&#8221;on&#8221; background_color_gradient_stops=&#8221;#ffffff 0%|rgba(0,193,193,0.04) 100%&#8221; background_color_gradient_start=&#8221;#ffffff&#8221; background_color_gradient_end=&#8221;rgba(0,193,193,0.04)&#8221; border_color_all=&#8221;#000000&#8243; box_shadow_style=&#8221;preset2&#8243; global_colors_info=&#8221;{}&#8221;]<span style=\"color: #000000;\">Tutto quanto espresso qui sopra forma la nostra missione.<\/span><\/p>\n<p><span style=\"color: #000000;\">E per assolvere questi lavori e al modo di svolgerli che ci siamo imposti, deve contenere una professionalit\u00e0 approfondita sulle specifiche azioni ma amplia sulle differenti aree di intervento.<\/span><br \/>\n[\/et_pb_toggle][et_pb_toggle title=&#8221;Costi &#8221; _builder_version=&#8221;4.16&#8243; title_text_color=&#8221;#000000&#8243; title_font=&#8221;|700||on|||||&#8221; body_font=&#8221;||||||||&#8221; background_color=&#8221;rgba(0,98,237,0.52)&#8221; use_background_color_gradient=&#8221;on&#8221; background_color_gradient_stops=&#8221;#ffffff 0%|rgba(0,193,193,0.04) 100%&#8221; background_color_gradient_start=&#8221;#ffffff&#8221; background_color_gradient_end=&#8221;rgba(0,193,193,0.04)&#8221; border_color_all=&#8221;#000000&#8243; box_shadow_style=&#8221;preset2&#8243; global_colors_info=&#8221;{}&#8221;]<span style=\"color: #000000;\">I costi variano in ragione della scelta del singolo paese. <\/span><\/p>\n<p><span style=\"color: #000000;\">Sono effettivi in ragione del momento in cui viene formalizzato l&#8217;ordine a seconda della giurisdizione selezionata.<\/span><br \/>\n[\/et_pb_toggle][et_pb_cta title=&#8221;Richiedi subito la tua prima consulenza gratuita.&#8221; button_text=&#8221;Inizia Subito&#8221; _builder_version=&#8221;4.16&#8243; custom_button=&#8221;on&#8221; button_text_color=&#8221;#000000&#8243; button_bg_color=&#8221;#8300E9&#8243; hover_enabled=&#8221;0&#8243; global_colors_info=&#8221;{}&#8221; sticky_enabled=&#8221;0&#8243;]<\/p>\n<p><strong>Inizia Subito<\/strong>\u00a0<\/p>\n<p>[\/et_pb_cta][et_pb_code _builder_version=&#8221;4.24.2&#8243; _module_preset=&#8221;default&#8221; hover_enabled=&#8221;0&#8243; sticky_enabled=&#8221;0&#8243;]<!-- Calendly inline widget begin --><!-- [et_pb_line_break_holder] --><\/p>\n<div class=\"calendly-inline-widget\" data-url=\"https:\/\/calendly.com\/offshorecompany\/30min\" style=\"min-width:320px;height:700px;\"><\/div>\n<p><!-- [et_pb_line_break_holder] --><script type=\"text\/javascript\" src=\"https:\/\/assets.calendly.com\/assets\/external\/widget.js\" async><\/script><!-- [et_pb_line_break_holder] --><!-- Calendly inline widget end -->[\/et_pb_code][\/et_pb_column][\/et_pb_row][\/et_pb_section]<\/p>\n","protected":false},"excerpt":{"rendered":"<p>E&#8217; una societ\u00e0 di consulenza internazionale che vi accompagna in un percorso collaudato per pagare meno tasse rispettando le normative vigenti nei differenti paesi. Partendo dalle Vostre specifiche attivit\u00e0 costruiamo un percorso che rispetti le Vostre concrete esigenze. Lo possiamo fare attingendo dalle nostre soluzioni precostituite o creandone di originali. Forniamo societ\u00e0 estere, conto bancari [&hellip;]<\/p>\n","protected":false},"author":1,"featured_media":0,"parent":0,"menu_order":0,"comment_status":"closed","ping_status":"closed","template":"","meta":{"_et_pb_use_builder":"on","_et_pb_old_content":"Presentazione O.S.C. OffShoreCompany LLP","_et_gb_content_width":"","footnotes":""},"class_list":["post-216","page","type-page","status-publish","hentry"],"yoast_head":"<!-- This site is optimized with the Yoast SEO plugin v23.6 - https:\/\/yoast.com\/wordpress\/plugins\/seo\/ -->\n<title>Costituzione societ\u00e0 estere e Trust - Consulenza aziendale - OffShoreCompany LLP<\/title>\n<meta name=\"description\" content=\"Societ\u00e0 di consulenza internazionale che vi accompagna in un percorso collaudato per pagare meno tasse rispettando le normative vigenti in differenti paesi.\" \/>\n<meta name=\"robots\" content=\"index, follow, max-snippet:-1, max-image-preview:large, max-video-preview:-1\" \/>\n<link rel=\"canonical\" href=\"https:\/\/oneoffshorecompany.eu\/\" \/>\n<meta property=\"og:locale\" content=\"it_IT\" \/>\n<meta property=\"og:type\" content=\"article\" \/>\n<meta property=\"og:title\" content=\"Costituzione societ\u00e0 estere e Trust - Consulenza aziendale - OffShoreCompany LLP\" \/>\n<meta property=\"og:description\" content=\"Societ\u00e0 di consulenza internazionale che vi accompagna in un percorso collaudato per pagare meno tasse rispettando le normative vigenti in differenti paesi.\" \/>\n<meta property=\"og:url\" content=\"https:\/\/oneoffshorecompany.eu\/\" \/>\n<meta property=\"og:site_name\" content=\"OffShoreCompany - Costituzione Societ\u00e0 Estere\" \/>\n<meta property=\"article:publisher\" content=\"https:\/\/www.facebook.com\/Oscoffshorecompanyllp\/\" \/>\n<meta property=\"article:modified_time\" content=\"2024-03-10T00:34:11+00:00\" \/>\n<meta name=\"twitter:card\" content=\"summary_large_image\" \/>\n<meta name=\"twitter:label1\" content=\"Tempo di lettura stimato\" \/>\n\t<meta name=\"twitter:data1\" content=\"4 minuti\" \/>\n<script type=\"application\/ld+json\" class=\"yoast-schema-graph\">{\"@context\":\"https:\/\/schema.org\",\"@graph\":[{\"@type\":\"WebPage\",\"@id\":\"https:\/\/oneoffshorecompany.eu\/\",\"url\":\"https:\/\/oneoffshorecompany.eu\/\",\"name\":\"Costituzione societ\u00e0 estere e Trust - Consulenza aziendale - OffShoreCompany LLP\",\"isPartOf\":{\"@id\":\"https:\/\/oneoffshorecompany.eu\/#website\"},\"datePublished\":\"2017-12-17T23:13:11+00:00\",\"dateModified\":\"2024-03-10T00:34:11+00:00\",\"description\":\"Societ\u00e0 di consulenza internazionale che vi accompagna in un percorso collaudato per pagare meno tasse rispettando le normative vigenti in differenti paesi.\",\"breadcrumb\":{\"@id\":\"https:\/\/oneoffshorecompany.eu\/#breadcrumb\"},\"inLanguage\":\"it-IT\",\"potentialAction\":[{\"@type\":\"ReadAction\",\"target\":[\"https:\/\/oneoffshorecompany.eu\/\"]}]},{\"@type\":\"BreadcrumbList\",\"@id\":\"https:\/\/oneoffshorecompany.eu\/#breadcrumb\",\"itemListElement\":[{\"@type\":\"ListItem\",\"position\":1,\"name\":\"Home\",\"item\":\"https:\/\/oneoffshorecompany.eu\/\"},{\"@type\":\"ListItem\",\"position\":2,\"name\":\"Profilo Aziendale\"}]},{\"@type\":\"WebSite\",\"@id\":\"https:\/\/oneoffshorecompany.eu\/#website\",\"url\":\"https:\/\/oneoffshorecompany.eu\/\",\"name\":\"OffShoreCompany LLP - Costituzione Societ\u00e0 Estere e Trust\",\"description\":\"Pagare Meno Tasse \u00e8 possibile!\",\"publisher\":{\"@id\":\"https:\/\/oneoffshorecompany.eu\/#organization\"},\"potentialAction\":[{\"@type\":\"SearchAction\",\"target\":{\"@type\":\"EntryPoint\",\"urlTemplate\":\"https:\/\/oneoffshorecompany.eu\/?s={search_term_string}\"},\"query-input\":{\"@type\":\"PropertyValueSpecification\",\"valueRequired\":true,\"valueName\":\"search_term_string\"}}],\"inLanguage\":\"it-IT\"},{\"@type\":\"Organization\",\"@id\":\"https:\/\/oneoffshorecompany.eu\/#organization\",\"name\":\"O.S.C. OffShoreCompany LLP\",\"url\":\"https:\/\/oneoffshorecompany.eu\/\",\"logo\":{\"@type\":\"ImageObject\",\"inLanguage\":\"it-IT\",\"@id\":\"https:\/\/oneoffshorecompany.eu\/#\/schema\/logo\/image\/\",\"url\":\"https:\/\/oneoffshorecompany.eu\/wp-content\/uploads\/2018\/05\/logotipo_OSC.png\",\"contentUrl\":\"https:\/\/oneoffshorecompany.eu\/wp-content\/uploads\/2018\/05\/logotipo_OSC.png\",\"width\":402,\"height\":52,\"caption\":\"O.S.C. OffShoreCompany LLP\"},\"image\":{\"@id\":\"https:\/\/oneoffshorecompany.eu\/#\/schema\/logo\/image\/\"},\"sameAs\":[\"https:\/\/www.facebook.com\/Oscoffshorecompanyllp\/\",\"https:\/\/www.instagram.com\/offshorecompanyllp\/\",\"https:\/\/www.linkedin.com\/in\/osc-offshorecompanyllp\/\",\"https:\/\/www.youtube.com\/channel\/UCCUh5HyhZ-Ehy3J5mOAIi1w\"]}]}<\/script>\n<!-- \/ Yoast SEO plugin. -->","yoast_head_json":{"title":"Costituzione societ\u00e0 estere e Trust - Consulenza aziendale - OffShoreCompany LLP","description":"Societ\u00e0 di consulenza internazionale che vi accompagna in un percorso collaudato per pagare meno tasse rispettando le normative vigenti in differenti paesi.","robots":{"index":"index","follow":"follow","max-snippet":"max-snippet:-1","max-image-preview":"max-image-preview:large","max-video-preview":"max-video-preview:-1"},"canonical":"https:\/\/oneoffshorecompany.eu\/","og_locale":"it_IT","og_type":"article","og_title":"Costituzione societ\u00e0 estere e Trust - Consulenza aziendale - OffShoreCompany LLP","og_description":"Societ\u00e0 di consulenza internazionale che vi accompagna in un percorso collaudato per pagare meno tasse rispettando le normative vigenti in differenti paesi.","og_url":"https:\/\/oneoffshorecompany.eu\/","og_site_name":"OffShoreCompany - Costituzione Societ\u00e0 Estere","article_publisher":"https:\/\/www.facebook.com\/Oscoffshorecompanyllp\/","article_modified_time":"2024-03-10T00:34:11+00:00","twitter_card":"summary_large_image","twitter_misc":{"Tempo di lettura stimato":"4 minuti"},"schema":{"@context":"https:\/\/schema.org","@graph":[{"@type":"WebPage","@id":"https:\/\/oneoffshorecompany.eu\/","url":"https:\/\/oneoffshorecompany.eu\/","name":"Costituzione societ\u00e0 estere e Trust - Consulenza aziendale - OffShoreCompany LLP","isPartOf":{"@id":"https:\/\/oneoffshorecompany.eu\/#website"},"datePublished":"2017-12-17T23:13:11+00:00","dateModified":"2024-03-10T00:34:11+00:00","description":"Societ\u00e0 di consulenza internazionale che vi accompagna in un percorso collaudato per pagare meno tasse rispettando le normative vigenti in differenti paesi.","breadcrumb":{"@id":"https:\/\/oneoffshorecompany.eu\/#breadcrumb"},"inLanguage":"it-IT","potentialAction":[{"@type":"ReadAction","target":["https:\/\/oneoffshorecompany.eu\/"]}]},{"@type":"BreadcrumbList","@id":"https:\/\/oneoffshorecompany.eu\/#breadcrumb","itemListElement":[{"@type":"ListItem","position":1,"name":"Home","item":"https:\/\/oneoffshorecompany.eu\/"},{"@type":"ListItem","position":2,"name":"Profilo Aziendale"}]},{"@type":"WebSite","@id":"https:\/\/oneoffshorecompany.eu\/#website","url":"https:\/\/oneoffshorecompany.eu\/","name":"OffShoreCompany LLP - Costituzione Societ\u00e0 Estere e Trust","description":"Pagare Meno Tasse \u00e8 possibile!","publisher":{"@id":"https:\/\/oneoffshorecompany.eu\/#organization"},"potentialAction":[{"@type":"SearchAction","target":{"@type":"EntryPoint","urlTemplate":"https:\/\/oneoffshorecompany.eu\/?s={search_term_string}"},"query-input":{"@type":"PropertyValueSpecification","valueRequired":true,"valueName":"search_term_string"}}],"inLanguage":"it-IT"},{"@type":"Organization","@id":"https:\/\/oneoffshorecompany.eu\/#organization","name":"O.S.C. OffShoreCompany LLP","url":"https:\/\/oneoffshorecompany.eu\/","logo":{"@type":"ImageObject","inLanguage":"it-IT","@id":"https:\/\/oneoffshorecompany.eu\/#\/schema\/logo\/image\/","url":"https:\/\/oneoffshorecompany.eu\/wp-content\/uploads\/2018\/05\/logotipo_OSC.png","contentUrl":"https:\/\/oneoffshorecompany.eu\/wp-content\/uploads\/2018\/05\/logotipo_OSC.png","width":402,"height":52,"caption":"O.S.C. OffShoreCompany LLP"},"image":{"@id":"https:\/\/oneoffshorecompany.eu\/#\/schema\/logo\/image\/"},"sameAs":["https:\/\/www.facebook.com\/Oscoffshorecompanyllp\/","https:\/\/www.instagram.com\/offshorecompanyllp\/","https:\/\/www.linkedin.com\/in\/osc-offshorecompanyllp\/","https:\/\/www.youtube.com\/channel\/UCCUh5HyhZ-Ehy3J5mOAIi1w"]}]}},"_links":{"self":[{"href":"https:\/\/oneoffshorecompany.eu\/index.php?rest_route=\/wp\/v2\/pages\/216","targetHints":{"allow":["GET"]}}],"collection":[{"href":"https:\/\/oneoffshorecompany.eu\/index.php?rest_route=\/wp\/v2\/pages"}],"about":[{"href":"https:\/\/oneoffshorecompany.eu\/index.php?rest_route=\/wp\/v2\/types\/page"}],"author":[{"embeddable":true,"href":"https:\/\/oneoffshorecompany.eu\/index.php?rest_route=\/wp\/v2\/users\/1"}],"replies":[{"embeddable":true,"href":"https:\/\/oneoffshorecompany.eu\/index.php?rest_route=%2Fwp%2Fv2%2Fcomments&post=216"}],"version-history":[{"count":51,"href":"https:\/\/oneoffshorecompany.eu\/index.php?rest_route=\/wp\/v2\/pages\/216\/revisions"}],"predecessor-version":[{"id":2950,"href":"https:\/\/oneoffshorecompany.eu\/index.php?rest_route=\/wp\/v2\/pages\/216\/revisions\/2950"}],"wp:attachment":[{"href":"https:\/\/oneoffshorecompany.eu\/index.php?rest_route=%2Fwp%2Fv2%2Fmedia&parent=216"}],"curies":[{"name":"wp","href":"https:\/\/api.w.org\/{rel}","templated":true}]}}