{"id":135,"date":"2017-12-17T07:00:20","date_gmt":"2017-12-17T06:00:20","guid":{"rendered":"https:\/\/oneoffshorecompany.eu\/?page_id=135"},"modified":"2018-07-03T15:50:22","modified_gmt":"2018-07-03T13:50:22","slug":"british-virgin-island","status":"publish","type":"page","link":"https:\/\/oneoffshorecompany.eu\/?page_id=135","title":{"rendered":"British Virgin Island"},"content":{"rendered":"<p>[et_pb_section fb_built=&#8221;1&#8243; _builder_version=&#8221;3.0.106&#8243;][et_pb_row _builder_version=&#8221;3.2.1&#8243;][et_pb_column type=&#8221;1_3&#8243; _builder_version=&#8221;3.2.1&#8243; parallax=&#8221;off&#8221; parallax_method=&#8221;on&#8221;][et_pb_image src=&#8221;https:\/\/oneoffshorecompany.eu\/wp-content\/uploads\/2018\/05\/640px-Flag_of_the_British_Virgin_Islands.svg_.png&#8221; _builder_version=&#8221;3.3.1&#8243; border_width_all=&#8221;2px&#8221;][\/et_pb_image][\/et_pb_column][et_pb_column type=&#8221;2_3&#8243; _builder_version=&#8221;3.2.1&#8243; parallax=&#8221;off&#8221; parallax_method=&#8221;on&#8221;][et_pb_toggle title=&#8221;CARATTERISTICHE PRINCIPALI&#8221; open=&#8221;on&#8221; _builder_version=&#8221;3.2.2&#8243; title_font=&#8221;|700||on|||||&#8221; title_text_color=&#8221;#000000&#8243; body_font=&#8221;||||||||&#8221; background_color=&#8221;rgba(0,98,237,0.52)&#8221; use_background_color_gradient=&#8221;on&#8221; background_color_gradient_start=&#8221;#ffffff&#8221; background_color_gradient_end=&#8221;rgba(0,193,193,0.04)&#8221; border_color_all=&#8221;#000000&#8243; box_shadow_style=&#8221;preset2&#8243;]<\/p>\n<ul>\n<li><span style=\"color: #000000;\">Zero imposta sui profitti<\/span><\/li>\n<li><span style=\"color: #000000;\">Nessuna contabilit\u00e0 necessaria<\/span><\/li>\n<li><span style=\"color: #000000;\">Ottimo sistema legale<\/span><\/li>\n<li><span style=\"color: #000000;\">Riservatezza garantita<\/span><\/li>\n<\/ul>\n<p>[\/et_pb_toggle][et_pb_toggle title=&#8221;Tipologie societarie&#8221; _builder_version=&#8221;3.3.1&#8243; title_font=&#8221;|700||on|||||&#8221; title_text_color=&#8221;#000000&#8243; body_font=&#8221;||||||||&#8221; background_color=&#8221;rgba(0,98,237,0.52)&#8221; use_background_color_gradient=&#8221;on&#8221; background_color_gradient_start=&#8221;#ffffff&#8221; background_color_gradient_end=&#8221;rgba(0,193,193,0.04)&#8221; border_color_all=&#8221;#000000&#8243; box_shadow_style=&#8221;preset2&#8243;]<\/p>\n<p><span style=\"color: #000000\">Partendo dalle Vostre specifiche attivit\u00e0 costruiamo un percorso che rispetti le tue concrete esigenze.<\/span><\/p>\n<p><span style=\"color: #000000\">Lo possiamo fare attingendo dalle nostre soluzioni precostituite o creandone di originali.<\/span><\/p>\n<p><span style=\"color: #000000\">Forniamo societ\u00e0 estere, trust e conto bancari esteri da agenti autorizzati e regolati nei seguenti paesi: Belize, Isole Vergini, Britanniche, Isole Cayman, Cipro, Delaware, Dubai (RAK), Gibilterra, Honk Kong, Malta, Nevis, Panama, Seychelles, San Vincent e Slovenia.\u00a0<\/span><\/p>\n<p>[\/et_pb_toggle][et_pb_toggle title=&#8221;Attivita&#8217; IDEALI&#8221; _builder_version=&#8221;3.2.2&#8243; title_font=&#8221;|700||on|||||&#8221; title_text_color=&#8221;#000000&#8243; body_font=&#8221;||||||||&#8221; background_color=&#8221;rgba(0,98,237,0.52)&#8221; use_background_color_gradient=&#8221;on&#8221; background_color_gradient_start=&#8221;#ffffff&#8221; background_color_gradient_end=&#8221;rgba(0,193,193,0.04)&#8221; border_color_all=&#8221;#000000&#8243; box_shadow_style=&#8221;preset2&#8243;]<\/p>\n<p><span>Attraverso l&#8217;esperienza abbiamo maturato una competenza specifica: l<\/span><span>a capacit\u00e0 di gestire in sicurezza il rapporto tra la fiscalit\u00e0 della giurisdizione ospitante e quella italiana.\u00a0<\/span><\/p>\n<p>[\/et_pb_toggle][et_pb_toggle title=&#8221;Contabilita&#8217; e TASSAZIONE&#8221; _builder_version=&#8221;3.2.2&#8243; title_font=&#8221;|700||on|||||&#8221; title_text_color=&#8221;#000000&#8243; body_font=&#8221;||||||||&#8221; background_color=&#8221;rgba(0,98,237,0.52)&#8221; use_background_color_gradient=&#8221;on&#8221; background_color_gradient_start=&#8221;#ffffff&#8221; background_color_gradient_end=&#8221;rgba(0,193,193,0.04)&#8221; border_color_all=&#8221;#000000&#8243; box_shadow_style=&#8221;preset2&#8243;]<\/p>\n<p><span>Attraverso l&#8217;esperienza abbiamo maturato una competenza specifica: l<\/span><span>a capacit\u00e0 di gestire in sicurezza il rapporto tra la fiscalit\u00e0 della giurisdizione ospitante e quella italiana.\u00a0<\/span><\/p>\n<p>[\/et_pb_toggle][\/et_pb_column][\/et_pb_row][et_pb_row _builder_version=&#8221;3.3.1&#8243;][et_pb_column type=&#8221;4_4&#8243; _builder_version=&#8221;3.3.1&#8243; parallax=&#8221;off&#8221; parallax_method=&#8221;on&#8221;][et_pb_text _builder_version=&#8221;3.3.1&#8243; text_font=&#8221;||||||||&#8221; text_text_color=&#8221;#000000&#8243; text_font_size=&#8221;20px&#8221; text_letter_spacing=&#8221;6px&#8221; header_font=&#8221;||||on||||&#8221; text_orientation=&#8221;center&#8221;]<\/p>\n<p><strong>LE NOSTRE SOLUZIONI<\/strong><\/p>\n<p>[\/et_pb_text][\/et_pb_column][\/et_pb_row][et_pb_row _builder_version=&#8221;3.3.1&#8243;][et_pb_column type=&#8221;4_4&#8243; _builder_version=&#8221;3.3.1&#8243; parallax=&#8221;off&#8221; parallax_method=&#8221;on&#8221;][et_pb_text _builder_version=&#8221;3.3.1&#8243; text_font=&#8221;||||||||&#8221; text_text_color=&#8221;#000000&#8243; text_font_size=&#8221;20px&#8221; text_letter_spacing=&#8221;6px&#8221; header_font=&#8221;||||on||||&#8221; text_orientation=&#8221;center&#8221;]<\/p>\n<p><strong>TORNA A TROVARCI<\/strong><\/p>\n<p>[\/et_pb_text][et_pb_image align=&#8221;center&#8221; src=&#8221;https:\/\/oneoffshorecompany.eu\/wp-content\/uploads\/2018\/04\/download.jpg&#8221; _builder_version=&#8221;3.9&#8243;][\/et_pb_image][\/et_pb_column][\/et_pb_row][\/et_pb_section]<\/p>\n","protected":false},"excerpt":{"rendered":"<p>Zero imposta sui profitti Nessuna contabilit\u00e0 necessaria Ottimo sistema legale Riservatezza garantita Partendo dalle Vostre specifiche attivit\u00e0 costruiamo un percorso che rispetti le tue concrete esigenze. Lo possiamo fare attingendo dalle nostre soluzioni precostituite o creandone di originali. Forniamo societ\u00e0 estere, trust e conto bancari esteri da agenti autorizzati e regolati nei seguenti paesi: Belize, [&hellip;]<\/p>\n","protected":false},"author":1,"featured_media":0,"parent":0,"menu_order":0,"comment_status":"closed","ping_status":"closed","template":"","meta":{"_et_pb_use_builder":"on","_et_pb_old_content":"","_et_gb_content_width":"","footnotes":""},"class_list":["post-135","page","type-page","status-publish","hentry"],"yoast_head":"<!-- This site is optimized with the Yoast SEO plugin v23.6 - https:\/\/yoast.com\/wordpress\/plugins\/seo\/ -->\n<title>British Virgin Island - OffShoreCompany - Costituzione Societ\u00e0 Estere<\/title>\n<meta name=\"robots\" content=\"index, follow, max-snippet:-1, max-image-preview:large, max-video-preview:-1\" \/>\n<link rel=\"canonical\" href=\"https:\/\/oneoffshorecompany.eu\/?page_id=135\" \/>\n<meta property=\"og:locale\" content=\"it_IT\" \/>\n<meta property=\"og:type\" content=\"article\" \/>\n<meta property=\"og:title\" content=\"British Virgin Island - OffShoreCompany - Costituzione Societ\u00e0 Estere\" \/>\n<meta property=\"og:description\" content=\"Zero imposta sui profitti Nessuna contabilit\u00e0 necessaria Ottimo sistema legale Riservatezza garantita Partendo dalle Vostre specifiche attivit\u00e0 costruiamo un percorso che rispetti le tue concrete esigenze. Lo possiamo fare attingendo dalle nostre soluzioni precostituite o creandone di originali. Forniamo societ\u00e0 estere, trust e conto bancari esteri da agenti autorizzati e regolati nei seguenti paesi: Belize, [&hellip;]\" \/>\n<meta property=\"og:url\" content=\"https:\/\/oneoffshorecompany.eu\/?page_id=135\" \/>\n<meta property=\"og:site_name\" content=\"OffShoreCompany - Costituzione Societ\u00e0 Estere\" \/>\n<meta property=\"article:publisher\" content=\"https:\/\/www.facebook.com\/Oscoffshorecompanyllp\/\" \/>\n<meta property=\"article:modified_time\" content=\"2018-07-03T13:50:22+00:00\" \/>\n<meta name=\"twitter:card\" content=\"summary_large_image\" \/>\n<meta name=\"twitter:label1\" content=\"Tempo di lettura stimato\" \/>\n\t<meta name=\"twitter:data1\" content=\"2 minuti\" \/>\n<script type=\"application\/ld+json\" class=\"yoast-schema-graph\">{\"@context\":\"https:\/\/schema.org\",\"@graph\":[{\"@type\":\"WebPage\",\"@id\":\"https:\/\/oneoffshorecompany.eu\/?page_id=135\",\"url\":\"https:\/\/oneoffshorecompany.eu\/?page_id=135\",\"name\":\"British Virgin Island - OffShoreCompany - Costituzione Societ\u00e0 Estere\",\"isPartOf\":{\"@id\":\"https:\/\/oneoffshorecompany.eu\/#website\"},\"datePublished\":\"2017-12-17T06:00:20+00:00\",\"dateModified\":\"2018-07-03T13:50:22+00:00\",\"breadcrumb\":{\"@id\":\"https:\/\/oneoffshorecompany.eu\/?page_id=135#breadcrumb\"},\"inLanguage\":\"it-IT\",\"potentialAction\":[{\"@type\":\"ReadAction\",\"target\":[\"https:\/\/oneoffshorecompany.eu\/?page_id=135\"]}]},{\"@type\":\"BreadcrumbList\",\"@id\":\"https:\/\/oneoffshorecompany.eu\/?page_id=135#breadcrumb\",\"itemListElement\":[{\"@type\":\"ListItem\",\"position\":1,\"name\":\"Home\",\"item\":\"https:\/\/oneoffshorecompany.eu\/\"},{\"@type\":\"ListItem\",\"position\":2,\"name\":\"British Virgin Island\"}]},{\"@type\":\"WebSite\",\"@id\":\"https:\/\/oneoffshorecompany.eu\/#website\",\"url\":\"https:\/\/oneoffshorecompany.eu\/\",\"name\":\"OffShoreCompany LLP - Costituzione Societ\u00e0 Estere e Trust\",\"description\":\"Pagare Meno Tasse \u00e8 possibile!\",\"publisher\":{\"@id\":\"https:\/\/oneoffshorecompany.eu\/#organization\"},\"potentialAction\":[{\"@type\":\"SearchAction\",\"target\":{\"@type\":\"EntryPoint\",\"urlTemplate\":\"https:\/\/oneoffshorecompany.eu\/?s={search_term_string}\"},\"query-input\":{\"@type\":\"PropertyValueSpecification\",\"valueRequired\":true,\"valueName\":\"search_term_string\"}}],\"inLanguage\":\"it-IT\"},{\"@type\":\"Organization\",\"@id\":\"https:\/\/oneoffshorecompany.eu\/#organization\",\"name\":\"O.S.C. OffShoreCompany LLP\",\"url\":\"https:\/\/oneoffshorecompany.eu\/\",\"logo\":{\"@type\":\"ImageObject\",\"inLanguage\":\"it-IT\",\"@id\":\"https:\/\/oneoffshorecompany.eu\/#\/schema\/logo\/image\/\",\"url\":\"https:\/\/oneoffshorecompany.eu\/wp-content\/uploads\/2018\/05\/logotipo_OSC.png\",\"contentUrl\":\"https:\/\/oneoffshorecompany.eu\/wp-content\/uploads\/2018\/05\/logotipo_OSC.png\",\"width\":402,\"height\":52,\"caption\":\"O.S.C. OffShoreCompany LLP\"},\"image\":{\"@id\":\"https:\/\/oneoffshorecompany.eu\/#\/schema\/logo\/image\/\"},\"sameAs\":[\"https:\/\/www.facebook.com\/Oscoffshorecompanyllp\/\",\"https:\/\/www.instagram.com\/offshorecompanyllp\/\",\"https:\/\/www.linkedin.com\/in\/osc-offshorecompanyllp\/\",\"https:\/\/www.youtube.com\/channel\/UCCUh5HyhZ-Ehy3J5mOAIi1w\"]}]}<\/script>\n<!-- \/ Yoast SEO plugin. -->","yoast_head_json":{"title":"British Virgin Island - OffShoreCompany - Costituzione Societ\u00e0 Estere","robots":{"index":"index","follow":"follow","max-snippet":"max-snippet:-1","max-image-preview":"max-image-preview:large","max-video-preview":"max-video-preview:-1"},"canonical":"https:\/\/oneoffshorecompany.eu\/?page_id=135","og_locale":"it_IT","og_type":"article","og_title":"British Virgin Island - OffShoreCompany - Costituzione Societ\u00e0 Estere","og_description":"Zero imposta sui profitti Nessuna contabilit\u00e0 necessaria Ottimo sistema legale Riservatezza garantita Partendo dalle Vostre specifiche attivit\u00e0 costruiamo un percorso che rispetti le tue concrete esigenze. Lo possiamo fare attingendo dalle nostre soluzioni precostituite o creandone di originali. Forniamo societ\u00e0 estere, trust e conto bancari esteri da agenti autorizzati e regolati nei seguenti paesi: Belize, [&hellip;]","og_url":"https:\/\/oneoffshorecompany.eu\/?page_id=135","og_site_name":"OffShoreCompany - Costituzione Societ\u00e0 Estere","article_publisher":"https:\/\/www.facebook.com\/Oscoffshorecompanyllp\/","article_modified_time":"2018-07-03T13:50:22+00:00","twitter_card":"summary_large_image","twitter_misc":{"Tempo di lettura stimato":"2 minuti"},"schema":{"@context":"https:\/\/schema.org","@graph":[{"@type":"WebPage","@id":"https:\/\/oneoffshorecompany.eu\/?page_id=135","url":"https:\/\/oneoffshorecompany.eu\/?page_id=135","name":"British Virgin Island - OffShoreCompany - Costituzione Societ\u00e0 Estere","isPartOf":{"@id":"https:\/\/oneoffshorecompany.eu\/#website"},"datePublished":"2017-12-17T06:00:20+00:00","dateModified":"2018-07-03T13:50:22+00:00","breadcrumb":{"@id":"https:\/\/oneoffshorecompany.eu\/?page_id=135#breadcrumb"},"inLanguage":"it-IT","potentialAction":[{"@type":"ReadAction","target":["https:\/\/oneoffshorecompany.eu\/?page_id=135"]}]},{"@type":"BreadcrumbList","@id":"https:\/\/oneoffshorecompany.eu\/?page_id=135#breadcrumb","itemListElement":[{"@type":"ListItem","position":1,"name":"Home","item":"https:\/\/oneoffshorecompany.eu\/"},{"@type":"ListItem","position":2,"name":"British Virgin Island"}]},{"@type":"WebSite","@id":"https:\/\/oneoffshorecompany.eu\/#website","url":"https:\/\/oneoffshorecompany.eu\/","name":"OffShoreCompany LLP - Costituzione Societ\u00e0 Estere e Trust","description":"Pagare Meno Tasse \u00e8 possibile!","publisher":{"@id":"https:\/\/oneoffshorecompany.eu\/#organization"},"potentialAction":[{"@type":"SearchAction","target":{"@type":"EntryPoint","urlTemplate":"https:\/\/oneoffshorecompany.eu\/?s={search_term_string}"},"query-input":{"@type":"PropertyValueSpecification","valueRequired":true,"valueName":"search_term_string"}}],"inLanguage":"it-IT"},{"@type":"Organization","@id":"https:\/\/oneoffshorecompany.eu\/#organization","name":"O.S.C. OffShoreCompany LLP","url":"https:\/\/oneoffshorecompany.eu\/","logo":{"@type":"ImageObject","inLanguage":"it-IT","@id":"https:\/\/oneoffshorecompany.eu\/#\/schema\/logo\/image\/","url":"https:\/\/oneoffshorecompany.eu\/wp-content\/uploads\/2018\/05\/logotipo_OSC.png","contentUrl":"https:\/\/oneoffshorecompany.eu\/wp-content\/uploads\/2018\/05\/logotipo_OSC.png","width":402,"height":52,"caption":"O.S.C. OffShoreCompany LLP"},"image":{"@id":"https:\/\/oneoffshorecompany.eu\/#\/schema\/logo\/image\/"},"sameAs":["https:\/\/www.facebook.com\/Oscoffshorecompanyllp\/","https:\/\/www.instagram.com\/offshorecompanyllp\/","https:\/\/www.linkedin.com\/in\/osc-offshorecompanyllp\/","https:\/\/www.youtube.com\/channel\/UCCUh5HyhZ-Ehy3J5mOAIi1w"]}]}},"_links":{"self":[{"href":"https:\/\/oneoffshorecompany.eu\/index.php?rest_route=\/wp\/v2\/pages\/135","targetHints":{"allow":["GET"]}}],"collection":[{"href":"https:\/\/oneoffshorecompany.eu\/index.php?rest_route=\/wp\/v2\/pages"}],"about":[{"href":"https:\/\/oneoffshorecompany.eu\/index.php?rest_route=\/wp\/v2\/types\/page"}],"author":[{"embeddable":true,"href":"https:\/\/oneoffshorecompany.eu\/index.php?rest_route=\/wp\/v2\/users\/1"}],"replies":[{"embeddable":true,"href":"https:\/\/oneoffshorecompany.eu\/index.php?rest_route=%2Fwp%2Fv2%2Fcomments&post=135"}],"version-history":[{"count":6,"href":"https:\/\/oneoffshorecompany.eu\/index.php?rest_route=\/wp\/v2\/pages\/135\/revisions"}],"predecessor-version":[{"id":864,"href":"https:\/\/oneoffshorecompany.eu\/index.php?rest_route=\/wp\/v2\/pages\/135\/revisions\/864"}],"wp:attachment":[{"href":"https:\/\/oneoffshorecompany.eu\/index.php?rest_route=%2Fwp%2Fv2%2Fmedia&parent=135"}],"curies":[{"name":"wp","href":"https:\/\/api.w.org\/{rel}","templated":true}]}}